{"id":727,"date":"2018-06-21T03:11:00","date_gmt":"2018-06-21T03:11:00","guid":{"rendered":"https:\/\/copaapartments.com\/?page_id=727"},"modified":"2018-06-21T14:24:17","modified_gmt":"2018-06-21T14:24:17","slug":"where-to-stay-and-what-to-do-in-copacabana","status":"publish","type":"page","link":"https:\/\/copaapartments.com\/pb\/where-to-stay-and-what-to-do-in-copacabana\/","title":{"rendered":"Onde ficar e o que fazer em Copacabana"},"content":{"rendered":"<p><\/p>\n<p class=\"western\" lang=\"en-US\" style=\"text-align: justify;\">Copacabana e Ipanema s\u00e3o considerados os melhores lugares para se hospedar no Rio de Janeiro. Ambas s\u00e3o \u00f3timas op\u00e7\u00f5es, mas achamos que Copacabana \u00e9 melhor por duas raz\u00f5es principais. Primeiro, \u00e9 consideravelmente mais barato que Ipanema. Segundo, \u00e9 um bairro que nunca dorme e na maioria das \u00e1reas de Copacabana voc\u00ea pode andar a qualquer hora da noite que haver\u00e1 pessoas caminhando e lojas abertas.<\/p>\n<p class=\"western\" lang=\"en-US\" style=\"text-align: justify;\">A praia de Copacabana \u00e9 dividida em 5 \u201cpostos\u201d, que s\u00e3o marcas de 1 quil\u00f4metro (aproximadamente) na praia. Se voc\u00ea estiver hospedado perto da praia, ficar em qualquer um dos \u201cpostos\u201d \u00e9 igualmente agrad\u00e1vel e seguro. Todos os nossos apartamentos ficam a at\u00e9 3 quarteir\u00f5es da praia, que \u00e9 cerca de 5 minutos caminhando at\u00e9 a praia. Em qualquer uma das regi\u00f5es voc\u00ea ter\u00e1 f\u00e1cil acesso a aos principais meios de de transportes e tamb\u00e9m estar\u00e1 cercado por todos os tipos de com\u00e9rcio, tais como restaurantes, farm\u00e1cias, supermercados, bares, bancos, etc.<\/p>\n<p class=\"western\" lang=\"en-US\" style=\"text-align: justify;\">O posto 1 \u00e9 na mesma praia, mas \u00e9 conhecido como um bairro separado chamado de &#8220;Leme&#8221;. O Leme \u00e9 uma \u00e1rea um pouco mais residencial e menos movimentada.<\/p>\n<p class=\"western\" lang=\"en-US\" style=\"text-align: justify;\">Posto 2 \u00e9 onde Copacabana come\u00e7a. Os postos 2 e 3 t\u00eam uma atmosfera acolhedora muito semelhante e \u00e9 a nossa regi\u00e3o favorita. \u00c9 onde fica o famoso hotel Copacabana Palace. H\u00e1 muitos bons restaurantes ao redor, como a churrascaria Carret\u00e3o, o restaurante liban\u00eas Amir e o restaurante self service Siqueira Grill. Tamb\u00e9m muitos bares agrad\u00e1veis, como o Imortais, o Mud Bug e o Pav\u00e3o Azul. N\u00e3o se esque\u00e7a de pegar um sandu\u00edche de filet com abacaxi no \u201cCervantes\u201d. As esta\u00e7\u00f5es de metr\u00f4 para estas \u00e1reas s\u00e3o as esta\u00e7\u00f5es \u201cCardeal Arcoverde\u201d e \u201cSiqueira Campos\u201d.<\/p>\n<p class=\"western\" lang=\"en-US\" style=\"text-align: justify;\">O Posto 4 \u00e9 uma \u00e1rea mais comercial de Copacabana, com muitas lojas de roupas e eletrodom\u00e9sticos na avenida principal, Av. Nossa Senhora de Copacabana, com cal\u00e7adas muito movimentadas durante o dia. \u00c9 um excelente local para compras. A esta\u00e7\u00e3o do metr\u00f4 para essa \u00e1rea \u00e9 a esta\u00e7\u00e3o \u201cSiqueira Campos\u201d.<\/p>\n<p class=\"western\" lang=\"en-US\" style=\"text-align: justify;\">Os Postos 5 e 6 t\u00eam um ambiente acolhedor semelhante ao dos Postos 2 e 3, com muitos bons restaurantes, como o italiano \u201cDon Camillo\u201d, o\u00a0 &#8220;fast food&#8221; 24h Stalos, al\u00e9m de muitos bares agrad\u00e1veis \u200b\u200bao redor da rua \u201cAires Saldanha\u201d. Esta \u00e1rea tem a vantagem de estar bem perto de Ipanema, podendo ir\u00a0 caminhando entre os bairros. A esta\u00e7\u00e3o de metr\u00f4 para esta \u00e1rea \u00e9 a esta\u00e7\u00e3o \u201cCantagalo\u201d.<\/p>\n<p class=\"western\" lang=\"en-US\" style=\"text-align: justify;\">Aqui est\u00e1 um mapa que preparamos com alguns pontos de interesse:<\/p>\n<p lang=\"en-US\"><iframe loading=\"lazy\" src=\"https:\/\/www.google.com\/maps\/d\/embed?mid=1j-UK8EGT4aPvbNgONmyMYoWj7jt1obdO\" width=\"640\" height=\"480\"><\/iframe><\/p>\n<p><\/p>","protected":false},"excerpt":{"rendered":"<p>Copacabana e Ipanema s\u00e3o considerados os melhores lugares para se hospedar no Rio de Janeiro. Ambas s\u00e3o \u00f3timas op\u00e7\u00f5es, mas achamos que Copacabana \u00e9 melhor por duas raz\u00f5es principais. Primeiro, \u00e9 consideravelmente mais barato que Ipanema. Segundo, \u00e9 um bairro que nunca dorme e na maioria das \u00e1reas de Copacabana voc\u00ea pode andar a qualquer &hellip; <a href=\"https:\/\/copaapartments.com\/pb\/where-to-stay-and-what-to-do-in-copacabana\/\" class=\"more-link\">Continue reading<span class=\"screen-reader-text\"> &#8220;Onde ficar e o que fazer em Copacabana&#8221;<\/span><\/a><\/p>\n","protected":false},"author":1,"featured_media":0,"parent":0,"menu_order":0,"comment_status":"closed","ping_status":"closed","template":"","meta":{"footnotes":""},"class_list":["post-727","page","type-page","status-publish","hentry"],"_links":{"self":[{"href":"https:\/\/copaapartments.com\/pb\/wp-json\/wp\/v2\/pages\/727","targetHints":{"allow":["GET"]}}],"collection":[{"href":"https:\/\/copaapartments.com\/pb\/wp-json\/wp\/v2\/pages"}],"about":[{"href":"https:\/\/copaapartments.com\/pb\/wp-json\/wp\/v2\/types\/page"}],"author":[{"embeddable":true,"href":"https:\/\/copaapartments.com\/pb\/wp-json\/wp\/v2\/users\/1"}],"replies":[{"embeddable":true,"href":"https:\/\/copaapartments.com\/pb\/wp-json\/wp\/v2\/comments?post=727"}],"version-history":[{"count":13,"href":"https:\/\/copaapartments.com\/pb\/wp-json\/wp\/v2\/pages\/727\/revisions"}],"predecessor-version":[{"id":749,"href":"https:\/\/copaapartments.com\/pb\/wp-json\/wp\/v2\/pages\/727\/revisions\/749"}],"wp:attachment":[{"href":"https:\/\/copaapartments.com\/pb\/wp-json\/wp\/v2\/media?parent=727"}],"curies":[{"name":"wp","href":"https:\/\/api.w.org\/{rel}","templated":true}]}}