{"id":488,"date":"2018-02-21T03:17:00","date_gmt":"2018-02-21T03:17:00","guid":{"rendered":"http:\/\/copaapartments.com\/?page_id=488"},"modified":"2018-02-21T03:17:00","modified_gmt":"2018-02-21T03:17:00","slug":"rio-de-janeiro","status":"publish","type":"page","link":"https:\/\/copaapartments.com\/pb\/rio-de-janeiro\/","title":{"rendered":"Rio de Janeiro"},"content":{"rendered":"<p><\/p>\n<p style=\"text-align: justify;\">O Rio de Janeiro \u00e9 a segunda maior cidade do Brasil, atr\u00e1s de S\u00e3o Paulo. A cidade \u00e9 a capital do estado do Rio de Janeiro. Ela foi a capital do Brasil por quase dois s\u00e9culos\u2014de 1763 a 1822 enquanto era uma col\u00f4nia portuguesa e de 1822 a 1960 j\u00e1 como uma na\u00e7\u00e3o independente. A cidade foi de fato a capital do Imp\u00e9rio Portugu\u00eas de 1808 a 1821. Comumente conhecida simplismente por Rio, a cidade tamb\u00e9m \u00e9 apelidada de &#8220;A Cidade Maravilhosa&#8221;.<img loading=\"lazy\" decoding=\"async\" class=\"size-full wp-image-489 alignright\" src=\"http:\/\/copaapartments.com\/wp-content\/uploads\/2018\/02\/rio_de_janeiro.jpg\" alt=\"\" width=\"250\" height=\"188\" \/><\/p>\n<p style=\"text-align: justify;\">O Rio \u00e9 famoso pela sua espetacular disposi\u00e7\u00e3o natural, pelo seu Carnaval, pelo samba e outros r\u00edtimos, pelas praias tur\u00edsticas tais como Copacabana e Ipanema, pelos cal\u00e7ad\u00f5es decorados com as lindas pedras portuguesas, etc. Alguns dos mais famosos locais e pontos tur\u00edsticos al\u00e9m das praias incluem a gigante est\u00e1tua de Jesus no alto da montanha Corcovado, conhecida como Cristo Redentor, a qual foi recentemente nomeada uma das sete maravilhas do mundo; a montanha do P\u00e3o de A\u00e7ucar com o seu bodinho; o Samb\u00f3dromo, que \u00e9 uma gigante passarela usada durante o carnaval; o estadio do Maracan\u00e3, um dos maiores est\u00e1dios de futebol do mundo. O Rio tamb\u00e9m hospeda as duas maiores florestas urbanas do mundo. A primeira \u00e9 a floresta no Parque Estadual da Pedra Branca. A segunda, quase conectada \u00e0 primeira, \u00e9 a famosa Floresta da Tijuca.<\/p>\n<p><\/p>","protected":false},"excerpt":{"rendered":"<p>O Rio de Janeiro \u00e9 a segunda maior cidade do Brasil, atr\u00e1s de S\u00e3o Paulo. A cidade \u00e9 a capital do estado do Rio de Janeiro. Ela foi a capital do Brasil por quase dois s\u00e9culos\u2014de 1763 a 1822 enquanto era uma col\u00f4nia portuguesa e de 1822 a 1960 j\u00e1 como uma na\u00e7\u00e3o independente. A &hellip; <a href=\"https:\/\/copaapartments.com\/pb\/rio-de-janeiro\/\" class=\"more-link\">Continue reading<span class=\"screen-reader-text\"> &#8220;Rio de Janeiro&#8221;<\/span><\/a><\/p>\n","protected":false},"author":1,"featured_media":0,"parent":0,"menu_order":0,"comment_status":"closed","ping_status":"closed","template":"","meta":{"footnotes":""},"class_list":["post-488","page","type-page","status-publish","hentry"],"_links":{"self":[{"href":"https:\/\/copaapartments.com\/pb\/wp-json\/wp\/v2\/pages\/488","targetHints":{"allow":["GET"]}}],"collection":[{"href":"https:\/\/copaapartments.com\/pb\/wp-json\/wp\/v2\/pages"}],"about":[{"href":"https:\/\/copaapartments.com\/pb\/wp-json\/wp\/v2\/types\/page"}],"author":[{"embeddable":true,"href":"https:\/\/copaapartments.com\/pb\/wp-json\/wp\/v2\/users\/1"}],"replies":[{"embeddable":true,"href":"https:\/\/copaapartments.com\/pb\/wp-json\/wp\/v2\/comments?post=488"}],"version-history":[{"count":1,"href":"https:\/\/copaapartments.com\/pb\/wp-json\/wp\/v2\/pages\/488\/revisions"}],"predecessor-version":[{"id":490,"href":"https:\/\/copaapartments.com\/pb\/wp-json\/wp\/v2\/pages\/488\/revisions\/490"}],"wp:attachment":[{"href":"https:\/\/copaapartments.com\/pb\/wp-json\/wp\/v2\/media?parent=488"}],"curies":[{"name":"wp","href":"https:\/\/api.w.org\/{rel}","templated":true}]}}