{"id":22,"date":"2018-02-17T13:49:27","date_gmt":"2018-02-17T13:49:27","guid":{"rendered":"http:\/\/copaapartments.com\/?page_id=22"},"modified":"2023-01-25T19:38:28","modified_gmt":"2023-01-25T19:38:28","slug":"about-us","status":"publish","type":"page","link":"https:\/\/copaapartments.com\/pb\/about-us\/","title":{"rendered":"Sobre n\u00f3s"},"content":{"rendered":"<p><\/p>\n<p style=\"text-align: justify;\">A Copa Apartments \u00e9 uma ag\u00eancia familiar dedicada ao aluguel de apartamentos por temporada no Rio de Janeiro, especialmente em Copacabana. Estamos nos neg\u00f3cios de aluguel de apartamentos por temporada no Rio de Janeiro desde 2002. Temos clientes vindo de todas as partes do mundo. A maior diferen\u00e7a entre n\u00f3s e outras ag\u00eancias de aluguel por temporada \u00e9 que n\u00e3o simplesmente alugamos os apartamentos, mas tamb\u00e9m tratamos nossos clientes como parte da fam\u00edlia, o que faz com que boa parte deles se tornem grandes amigos nossos.<\/p>\n<p style=\"text-align: justify;\">A Copa Apartments foi formada por Eric e sua m\u00e3e Dieine em 2002. Os dois vieram do interior de Minas para o Rio de Janeiro em 1998 em busca de oportunidades.\u00a0Com muito trabalho duro ao longo dos anos, a fam\u00edlia fez da Copa Apartments uma ag\u00eancia internacionalmente conhecida e respeitada.<\/p>\n<p><img loading=\"lazy\" decoding=\"async\" class=\"size-medium wp-image-598 aligncenter\" src=\"http:\/\/copaapartments.com\/wp-content\/uploads\/2018\/03\/aboutus-300x225.png\" alt=\"\" width=\"300\" height=\"225\" srcset=\"https:\/\/copaapartments.com\/wp-content\/uploads\/2018\/03\/aboutus-300x225.png 300w, https:\/\/copaapartments.com\/wp-content\/uploads\/2018\/03\/aboutus.png 312w\" sizes=\"auto, (max-width: 300px) 100vw, 300px\" \/><\/p>\n<h5 style=\"text-align: center;\"><a href=\"https:\/\/www.facebook.com\/pages\/Copa-Apartments\/205601452797513\"><strong>Facebook<\/strong><\/a><\/h5>\n<h5 style=\"text-align: center;\"><a href=\"https:\/\/www.youtube.com\/copaapartments\"><strong>YouTube<\/strong><\/a><\/h5>\n<h5 style=\"text-align: center;\"><a href=\"https:\/\/www.airbnb.com\/users\/show\/11739\"><strong>Airbnb<\/strong><\/a><\/h5>\n<p><\/p>","protected":false},"excerpt":{"rendered":"<p>A Copa Apartments \u00e9 uma ag\u00eancia familiar dedicada ao aluguel de apartamentos por temporada no Rio de Janeiro, especialmente em Copacabana. Estamos nos neg\u00f3cios de aluguel de apartamentos por temporada no Rio de Janeiro desde 2002. Temos clientes vindo de todas as partes do mundo. A maior diferen\u00e7a entre n\u00f3s e outras ag\u00eancias de aluguel &hellip; <a href=\"https:\/\/copaapartments.com\/pb\/about-us\/\" class=\"more-link\">Continue reading<span class=\"screen-reader-text\"> &#8220;Sobre n\u00f3s&#8221;<\/span><\/a><\/p>\n","protected":false},"author":1,"featured_media":0,"parent":0,"menu_order":0,"comment_status":"closed","ping_status":"closed","template":"","meta":{"footnotes":""},"class_list":["post-22","page","type-page","status-publish","hentry"],"_links":{"self":[{"href":"https:\/\/copaapartments.com\/pb\/wp-json\/wp\/v2\/pages\/22","targetHints":{"allow":["GET"]}}],"collection":[{"href":"https:\/\/copaapartments.com\/pb\/wp-json\/wp\/v2\/pages"}],"about":[{"href":"https:\/\/copaapartments.com\/pb\/wp-json\/wp\/v2\/types\/page"}],"author":[{"embeddable":true,"href":"https:\/\/copaapartments.com\/pb\/wp-json\/wp\/v2\/users\/1"}],"replies":[{"embeddable":true,"href":"https:\/\/copaapartments.com\/pb\/wp-json\/wp\/v2\/comments?post=22"}],"version-history":[{"count":26,"href":"https:\/\/copaapartments.com\/pb\/wp-json\/wp\/v2\/pages\/22\/revisions"}],"predecessor-version":[{"id":4242,"href":"https:\/\/copaapartments.com\/pb\/wp-json\/wp\/v2\/pages\/22\/revisions\/4242"}],"wp:attachment":[{"href":"https:\/\/copaapartments.com\/pb\/wp-json\/wp\/v2\/media?parent=22"}],"curies":[{"name":"wp","href":"https:\/\/api.w.org\/{rel}","templated":true}]}}