{"id":20,"date":"2018-02-17T13:47:56","date_gmt":"2018-02-17T13:47:56","guid":{"rendered":"http:\/\/copaapartments.com\/?page_id=20"},"modified":"2018-02-18T16:17:45","modified_gmt":"2018-02-18T16:17:45","slug":"payment","status":"publish","type":"page","link":"https:\/\/copaapartments.com\/pb\/payment\/","title":{"rendered":"Pagamento"},"content":{"rendered":"<p><\/p>\n<p style=\"text-align: justify;\">A reserva \u00e9 feita mediante um pagamento de 50% do valor total e o restante \u00e9 pago em esp\u00e9cie no check-in. Para quem estiver dentro do Brasil, o pagamento dos primeiros 50% pode ser feito via dep\u00f3sito banc\u00e1rio sem quaisquer taxas. Para pagamentos internacionais, temos as seguintes alternativas:<\/p>\n<p style=\"text-align: justify;\"><strong>Cart\u00e3o de cr\u00e9dito:<\/strong><\/p>\n<p style=\"text-align: justify;\">Voc\u00ea pode pagar com car\u00e3o de cr\u00e9dito atrav\u00e9s do PayPal (taxa de 5%). Ser\u00e1 enviada para o seu e-mail uma fatura com as intru\u00e7\u00f5es do pagamento assim que a reserva for solicitada.<\/p>\n<p style=\"text-align: justify;\"><strong>Western Union (taxa vari\u00e1vel):<\/strong><\/p>\n<p style=\"text-align: justify;\">*para mais informa\u00e7\u00f5es entre em contato<\/p>\n<p style=\"text-align: justify;\"><strong>Transfer\u00eancia banc\u00e1ria intecacional (taxa de aproximadamente R$ 100 BRL + 5% da taxa de c\u00e2mbio):<\/strong><\/p>\n<p style=\"text-align: justify;\">*para mais informa\u00e7\u00f5es entre em contato<\/p>\n<p style=\"text-align: justify;\"><strong>IMPORTANTE:<\/strong><\/p>\n<p style=\"text-align: justify;\">Assim que uma reserva \u00e9 feita, n\u00f3s fazemos imediatamente o pagamento ao propriet\u00e1rio do apartamento reservado e passsamos a negar todos os pedidos recebidos para o mesmo apartamento durante as datas reservadas. Por isso, tenha certeza de sua viagem antes de efetuar um dep\u00f3sito. N\u00f3s n\u00e3o devolvemos o dep\u00f3sito por cancelamento de viagem. Tenha certeza tamb\u00e9m do apartamento escolhido, porque visto que cada apartamento tem um propriet\u00e1rio diferente, n\u00f3s n\u00e3o podemos trocar o apartamento reservado.<\/p>\n<p><\/p>","protected":false},"excerpt":{"rendered":"<p>A reserva \u00e9 feita mediante um pagamento de 50% do valor total e o restante \u00e9 pago em esp\u00e9cie no check-in. Para quem estiver dentro do Brasil, o pagamento dos primeiros 50% pode ser feito via dep\u00f3sito banc\u00e1rio sem quaisquer taxas. Para pagamentos internacionais, temos as seguintes alternativas: Cart\u00e3o de cr\u00e9dito: Voc\u00ea pode pagar com &hellip; <a href=\"https:\/\/copaapartments.com\/pb\/payment\/\" class=\"more-link\">Continue reading<span class=\"screen-reader-text\"> &#8220;Pagamento&#8221;<\/span><\/a><\/p>\n","protected":false},"author":1,"featured_media":0,"parent":0,"menu_order":0,"comment_status":"closed","ping_status":"closed","template":"","meta":{"footnotes":""},"class_list":["post-20","page","type-page","status-publish","hentry"],"_links":{"self":[{"href":"https:\/\/copaapartments.com\/pb\/wp-json\/wp\/v2\/pages\/20","targetHints":{"allow":["GET"]}}],"collection":[{"href":"https:\/\/copaapartments.com\/pb\/wp-json\/wp\/v2\/pages"}],"about":[{"href":"https:\/\/copaapartments.com\/pb\/wp-json\/wp\/v2\/types\/page"}],"author":[{"embeddable":true,"href":"https:\/\/copaapartments.com\/pb\/wp-json\/wp\/v2\/users\/1"}],"replies":[{"embeddable":true,"href":"https:\/\/copaapartments.com\/pb\/wp-json\/wp\/v2\/comments?post=20"}],"version-history":[{"count":3,"href":"https:\/\/copaapartments.com\/pb\/wp-json\/wp\/v2\/pages\/20\/revisions"}],"predecessor-version":[{"id":287,"href":"https:\/\/copaapartments.com\/pb\/wp-json\/wp\/v2\/pages\/20\/revisions\/287"}],"wp:attachment":[{"href":"https:\/\/copaapartments.com\/pb\/wp-json\/wp\/v2\/media?parent=20"}],"curies":[{"name":"wp","href":"https:\/\/api.w.org\/{rel}","templated":true}]}}