{"id":18,"date":"2018-02-17T13:47:04","date_gmt":"2018-02-17T13:47:04","guid":{"rendered":"http:\/\/copaapartments.com\/?page_id=18"},"modified":"2026-02-06T16:50:07","modified_gmt":"2026-02-06T16:50:07","slug":"services_","status":"publish","type":"page","link":"https:\/\/copaapartments.com\/pb\/services_\/","title":{"rendered":"Servi\u00e7os"},"content":{"rendered":"<\/p>\r\n<p>&nbsp;<\/p>\r\n<p style=\"text-align: justify;\">Al\u00e9m do aluguel de apartamentos no Rio de Janeiro, n\u00f3s tamb\u00e9m oferecemos diversos servi\u00e7os para fazer com que sua estadia no Rio seja a melhor poss\u00edvel.<\/p>\r\n<p style=\"text-align: justify;\">Estes s\u00e3o alguns dos servi\u00e7os dispon\u00edveis:<\/p>\r\n<p style=\"text-align: justify;\"><strong>1 &#8211; Translado do aeroporto:<\/strong> Um de nossos motoristas profissionais pode te buscar no aeroporto e te levar at\u00e9 o apartamento que voc\u00ea alugou conosco. Quando voc\u00ea estiver partindo do Rio, o guia pode te levar de volta ao aeroporto.<\/p>\r\n<p style=\"text-align: justify;\">*R$ 200 (cada caminho \/ m\u00e1x. 4 pessoas \/ aeroporto gale\u00e3o)<\/p>\r\n<p style=\"text-align: justify;\"><img loading=\"lazy\" decoding=\"async\" class=\"size-medium wp-image-278 aligncenter\" src=\"http:\/\/copaapartments.com\/wp-content\/uploads\/2018\/02\/marcelo_tour_guide-300x226.jpg\" alt=\"\" width=\"300\" height=\"226\" srcset=\"https:\/\/copaapartments.com\/wp-content\/uploads\/2018\/02\/marcelo_tour_guide-300x226.jpg 300w, https:\/\/copaapartments.com\/wp-content\/uploads\/2018\/02\/marcelo_tour_guide.jpg 377w\" sizes=\"auto, (max-width: 300px) 100vw, 300px\" \/><\/p>\r\n<p style=\"text-align: justify;\"><strong>2 &#8211; Passeios tur\u00edsticos:<\/strong> Podemos organizar os seus passeios para o Corcovado, P\u00e3o de A\u00e7\u00facar, Floresta da Tjuca, Centro hist\u00f3rico e outros pontos tur\u00edsticos, assim como passeios personalizados, de acordo com os seus interesses.<\/p>\r\n<p style=\"text-align: justify;\"><strong>3 &#8211; Servi\u00e7o de limpeza:<\/strong> Temos uma camareira dispon\u00edvel para limpar seu apartamento e trocar as roupas de cama e toalhas sempre que necess\u00e1rio.<\/p>\r\n<p style=\"text-align: justify;\">*R$ 200 (apartamemto de 1 quarto) \/ R$ 250 (apartamento de 2 quartos)<\/p>\r\n<p style=\"text-align: center;\"><img loading=\"lazy\" decoding=\"async\" class=\"alignnone size-medium wp-image-279\" src=\"http:\/\/copaapartments.com\/wp-content\/uploads\/2018\/02\/maidservice-225x300.jpg\" alt=\"\" width=\"225\" height=\"300\" srcset=\"https:\/\/copaapartments.com\/wp-content\/uploads\/2018\/02\/maidservice-225x300.jpg 225w, https:\/\/copaapartments.com\/wp-content\/uploads\/2018\/02\/maidservice.jpg 230w\" sizes=\"auto, (max-width: 225px) 100vw, 225px\" \/><\/p>\r\n<p style=\"text-align: justify;\"><strong>4 &#8211; Vendas:<\/strong> Se voc\u00ea quer explorar a possibilidade de comprar um im\u00f3vel no Rio de Janeiro n\u00f3s tamb\u00e9m podemos te ajudar nesta \u00e1rea.<\/p>\r\n<p><strong>5 &#8211; Administra\u00e7\u00e3o de im\u00f3veis:<\/strong> Se voc\u00ea j\u00e1 \u00e9 propriet\u00e1rio de um apartamento no Rio de Janeiro (Copacabana) e tem interesse em alug\u00e1-lo por temporada, entre em contato conosco para conversarmos sobre uma poss\u00edvel parceria.<\/p>\r\n<p><strong>6 &#8211; Reformas:<\/strong> Seu apartamento \/ loja no Rio precisa de uma reforma? Tamb\u00e9m podemos te ajudar nesta \u00e1rea.<\/p>\r\n\r\n<p>&nbsp;<\/p>\r\n\r\n<p><\/p><p>&nbsp;<\/p>\r\n<p style=\"text-align: justify;\">Al\u00e9m do aluguel de apartamentos no Rio de Janeiro, n\u00f3s tamb\u00e9m oferecemos diversos servi\u00e7os para fazer com que sua estadia no Rio seja a melhor poss\u00edvel.<\/p>\r\n<p style=\"text-align: justify;\">Estes s\u00e3o alguns dos servi\u00e7os dispon\u00edveis:<\/p>\r\n<p style=\"text-align: justify;\"><strong>1 &#8211; Translado do aeroporto:<\/strong> Um de nossos motoristas profissionais pode te buscar no aeroporto e te levar at\u00e9 o apartamento que voc\u00ea alugou conosco. Quando voc\u00ea estiver partindo do Rio, o guia pode te levar de volta ao aeroporto.<\/p>\r\n<p style=\"text-align: justify;\">*R$ 200 (cada caminho \/ m\u00e1x. 4 pessoas \/ aeroporto gale\u00e3o)<\/p>\r\n<p style=\"text-align: justify;\"><img loading=\"lazy\" decoding=\"async\" class=\"size-medium wp-image-278 aligncenter\" src=\"http:\/\/copaapartments.com\/wp-content\/uploads\/2018\/02\/marcelo_tour_guide-300x226.jpg\" alt=\"\" width=\"300\" height=\"226\" srcset=\"https:\/\/copaapartments.com\/wp-content\/uploads\/2018\/02\/marcelo_tour_guide-300x226.jpg 300w, https:\/\/copaapartments.com\/wp-content\/uploads\/2018\/02\/marcelo_tour_guide.jpg 377w\" sizes=\"auto, (max-width: 300px) 100vw, 300px\" \/><\/p>\r\n<p style=\"text-align: justify;\"><strong>2 &#8211; Passeios tur\u00edsticos:<\/strong> Podemos organizar os seus passeios para o Corcovado, P\u00e3o de A\u00e7\u00facar, Floresta da Tjuca, Centro hist\u00f3rico e outros pontos tur\u00edsticos, assim como passeios personalizados, de acordo com os seus interesses.<\/p>\r\n<p style=\"text-align: justify;\"><strong>3 &#8211; Servi\u00e7o de limpeza:<\/strong> Temos uma camareira dispon\u00edvel para limpar seu apartamento e trocar as roupas de cama e toalhas sempre que necess\u00e1rio.<\/p>\r\n<p style=\"text-align: justify;\">*R$ 200 (apartamemto de 1 quarto) \/ R$ 250 (apartamento de 2 quartos)<\/p>\r\n<p style=\"text-align: center;\"><img loading=\"lazy\" decoding=\"async\" class=\"alignnone size-medium wp-image-279\" src=\"http:\/\/copaapartments.com\/wp-content\/uploads\/2018\/02\/maidservice-225x300.jpg\" alt=\"\" width=\"225\" height=\"300\" srcset=\"https:\/\/copaapartments.com\/wp-content\/uploads\/2018\/02\/maidservice-225x300.jpg 225w, https:\/\/copaapartments.com\/wp-content\/uploads\/2018\/02\/maidservice.jpg 230w\" sizes=\"auto, (max-width: 225px) 100vw, 225px\" \/><\/p>\r\n<p style=\"text-align: justify;\"><strong>4 &#8211; Vendas:<\/strong> Se voc\u00ea quer explorar a possibilidade de comprar um im\u00f3vel no Rio de Janeiro n\u00f3s tamb\u00e9m podemos te ajudar nesta \u00e1rea.<\/p>\r\n<p><strong>5 &#8211; Administra\u00e7\u00e3o de im\u00f3veis:<\/strong> Se voc\u00ea j\u00e1 \u00e9 propriet\u00e1rio de um apartamento no Rio de Janeiro (Copacabana) e tem interesse em alug\u00e1-lo por temporada, entre em contato conosco para conversarmos sobre uma poss\u00edvel parceria.<\/p>\r\n<p><strong>6 &#8211; Reformas:<\/strong> Seu apartamento \/ loja no Rio precisa de uma reforma? Tamb\u00e9m podemos te ajudar nesta \u00e1rea.<\/p>\r\n\r\n<p>&nbsp;<\/p>","protected":false},"excerpt":{"rendered":"<p>&nbsp; Al\u00e9m do aluguel de apartamentos no Rio de Janeiro, n\u00f3s tamb\u00e9m oferecemos diversos servi\u00e7os para fazer com que sua estadia no Rio seja a melhor poss\u00edvel. Estes s\u00e3o alguns dos servi\u00e7os dispon\u00edveis: 1 &#8211; Translado do aeroporto: Um de nossos motoristas profissionais pode te buscar no aeroporto e te levar at\u00e9 o apartamento que &hellip; <a href=\"https:\/\/copaapartments.com\/pb\/services_\/\" class=\"more-link\">Continue reading<span class=\"screen-reader-text\"> &#8220;Servi\u00e7os&#8221;<\/span><\/a><\/p>\n","protected":false},"author":1,"featured_media":0,"parent":0,"menu_order":0,"comment_status":"closed","ping_status":"closed","template":"","meta":{"footnotes":""},"class_list":["post-18","page","type-page","status-publish","hentry"],"_links":{"self":[{"href":"https:\/\/copaapartments.com\/pb\/wp-json\/wp\/v2\/pages\/18","targetHints":{"allow":["GET"]}}],"collection":[{"href":"https:\/\/copaapartments.com\/pb\/wp-json\/wp\/v2\/pages"}],"about":[{"href":"https:\/\/copaapartments.com\/pb\/wp-json\/wp\/v2\/types\/page"}],"author":[{"embeddable":true,"href":"https:\/\/copaapartments.com\/pb\/wp-json\/wp\/v2\/users\/1"}],"replies":[{"embeddable":true,"href":"https:\/\/copaapartments.com\/pb\/wp-json\/wp\/v2\/comments?post=18"}],"version-history":[{"count":46,"href":"https:\/\/copaapartments.com\/pb\/wp-json\/wp\/v2\/pages\/18\/revisions"}],"predecessor-version":[{"id":11709,"href":"https:\/\/copaapartments.com\/pb\/wp-json\/wp\/v2\/pages\/18\/revisions\/11709"}],"wp:attachment":[{"href":"https:\/\/copaapartments.com\/pb\/wp-json\/wp\/v2\/media?parent=18"}],"curies":[{"name":"wp","href":"https:\/\/api.w.org\/{rel}","templated":true}]}}