{"id":16,"date":"2018-02-17T13:46:03","date_gmt":"2018-02-17T13:46:03","guid":{"rendered":"http:\/\/copaapartments.com\/?page_id=16"},"modified":"2026-02-06T14:44:15","modified_gmt":"2026-02-06T14:44:15","slug":"apartments","status":"publish","type":"page","link":"https:\/\/copaapartments.com\/pb\/apartments\/","title":{"rendered":"Apartamentos"},"content":{"rendered":"<p><\/p>\n<p style=\"text-align: justify;\">F\u00e9rias, trabalho, estudo, festa, lua de mel&#8230; Seja l\u00e1 qual for o motivo de sua viagem ao Rio, esse \u00e9 o lugar ideal para voc\u00ea que est\u00e1 pensando em alugar um apartamento por temporada no Rio de Janeiro. N\u00f3s temos apartamentos\u00a0 em toda a extens\u00e3o de Copacabana, seja pr\u00f3ximo ao Leme ou a Ipanema. D\u00ea uma olhada em nossos apartamentos clicando nos seguintes links:<\/p>\n<p style=\"text-align: justify;\"><strong><a href=\"http:\/\/copaapartments.com\/pb\/1-bedroom\/\">&gt;&gt; 1 quarto<\/a><\/strong><\/p>\n<p style=\"text-align: justify;\"><strong><a href=\"http:\/\/copaapartments.com\/pb\/2-bedrooms\/\">&gt;&gt; 2 quartos<\/a><\/strong><\/p>\n<p style=\"text-align: justify;\"><strong><a href=\"http:\/\/copaapartments.com\/pb\/3-bedrooms\/\">&gt;&gt; 3 quartos<\/a><\/strong><\/p>\n<p style=\"text-align: justify;\">Como j\u00e1 se pode ter uma id\u00e9ia nas fotos, n\u00f3s trabalhamos com uma grande variedade de apartamentos, dos mais simples aos mais luxuosos apartamentos no Rio de Janeiro. Ar condicionado, TV a cabo, Wi-Fi, camas tamanho king, vista para o mar e cozinha completa s\u00e3o algumas das caracter\u00edsticas que voc\u00ea poder\u00e1 encontrar em nossos apartamentos no Rio. Apesar de diferentes em alguns aspectos, todos os apartamentos s\u00e3o muito limpos, pr\u00f3ximos da praia e possuem seguran\u00e7a 24 horas por dia. N\u00f3s n\u00e3o trabalhamos de maneira alguma com apartamentos ruins ou sujos e garantimos que os apartamentos an\u00fanciados em nosso site s\u00e3o os mesmos das fotos e exatamente como descritos.<\/p>\n<p style=\"text-align: justify;\">Se estiver interessado(a) em alugar um apartamento conosco, nos envie um e-mail para <a href=\"mailto:manager@copaapartments.com\">manager@copaapartments.com<\/a> indicando o n\u00famero de pessoas, as datas de chegada e partida e qualquer outra informa\u00e7\u00e3o que considerar relevante. N\u00f3s retornaremos com as op\u00e7\u00f5es dispon\u00edveis, pre\u00e7os, localiza\u00e7\u00e3o e informa\u00e7\u00f5es sobre reserva.<\/p>\n<p><iframe loading=\"lazy\" src=\"https:\/\/www.google.com\/maps\/d\/embed?mid=1XQQO2x4QS5Zisx1nvdWg2LwAfBE\" width=\"640\" height=\"480\"><\/iframe><\/p>\n<p style=\"text-align: justify;\"><strong>O que esperar ao alugar com a Copa Apartments:<\/strong><\/p>\n<p style=\"text-align: justify;\">1) Reserve o seu apartamento no Rio com anteced\u00eancia.<\/p>\n<p style=\"text-align: justify;\">2) Nos envie suas informa\u00e7\u00f5es de v\u00f4o para que possamos agendar a sua busca no aeroporto (servi\u00e7o opicional).<\/p>\n<p style=\"text-align: justify;\">3) Quando o grande dia chegar, relaxe e aproveite a sua viagem. Assim que voc\u00ea chegar ao aeroporto, um de nossos motoristas estar\u00e1 te esperando com uma placa contendo o seu nome. Ele ir\u00e1 te levar ao seu apartamento no Rio.<\/p>\n<p style=\"text-align: justify;\">4) Um de nossos representantes estar\u00e1 te esperando no seu apartamento no Rio. Ele\/Ela lhe entregar\u00e1 as chaves do apartamento e tamb\u00e9m te dar\u00e1 qualquer assist\u00eancia necess\u00e1ria no que se refere ao apartamento e aos seus arredores (seja em Copacabana ou Ipanema).<\/p>\n<p style=\"text-align: justify;\">5) Aproveite a sua estadia e sinta-se \u00e0 vontade para nos ligar sempre que precisar de servi\u00e7o de camareira, guia de turismo ou qualquer outra assist\u00eancia.<\/p>\n<p style=\"text-align: justify;\">6) Quando o triste dia de ter que voltar para casa chegar, nosso guia ir\u00e1 te levar de volta ao aeroporto. Mas n\u00e3o de preocupe, n\u00f3s estaremos aqui sempre que voc\u00ea precisar e desejar voltar ao Rio de Janeiro \ud83d\ude42<\/p>\n<p style=\"text-align: justify;\"><strong>Benef\u00edcios de alugar um apartamento com a Copa Apartments ao inv\u00e9s de pagar uma fortuna a um hotel:<\/strong><\/p>\n<ul style=\"text-align: justify;\">\n<li>Privacidade &#8211; Se hospede em um edif\u00edcio residencial e sinta-se em casa.<\/li>\n<li>Economia &#8211; Os apartamentos s\u00e3o mais baratos do que hot\u00e9is.<\/li>\n<li>Conforto &#8211; Por um pre\u00e7o melhor, voc\u00ea ir\u00e1 ficar em um apartamento confort\u00e1vel e espa\u00e7oso, com cozinha e sala de estar, ao inv\u00e9z de um caro quartinho de hotel.<\/li>\n<li>Comodidade -N\u00f3s da Copa Apartments te daremos toda a assist\u00eancia necess\u00e1ria no Rio. Somos experts na cidade do Rio de Janeiro.<\/li>\n<\/ul>\n<p style=\"text-align: justify;\">Por estas e outras, muitos turistas e homens de neg\u00f3cios est\u00e3o preferindo apartamentos a hot\u00e9is.<\/p>\n<p><\/p>","protected":false},"excerpt":{"rendered":"<p>F\u00e9rias, trabalho, estudo, festa, lua de mel&#8230; Seja l\u00e1 qual for o motivo de sua viagem ao Rio, esse \u00e9 o lugar ideal para voc\u00ea que est\u00e1 pensando em alugar um apartamento por temporada no Rio de Janeiro. N\u00f3s temos apartamentos\u00a0 em toda a extens\u00e3o de Copacabana, seja pr\u00f3ximo ao Leme ou a Ipanema. D\u00ea &hellip; <a href=\"https:\/\/copaapartments.com\/pb\/apartments\/\" class=\"more-link\">Continue reading<span class=\"screen-reader-text\"> &#8220;Apartamentos&#8221;<\/span><\/a><\/p>\n","protected":false},"author":1,"featured_media":0,"parent":0,"menu_order":0,"comment_status":"closed","ping_status":"closed","template":"","meta":{"footnotes":""},"class_list":["post-16","page","type-page","status-publish","hentry"],"_links":{"self":[{"href":"https:\/\/copaapartments.com\/pb\/wp-json\/wp\/v2\/pages\/16","targetHints":{"allow":["GET"]}}],"collection":[{"href":"https:\/\/copaapartments.com\/pb\/wp-json\/wp\/v2\/pages"}],"about":[{"href":"https:\/\/copaapartments.com\/pb\/wp-json\/wp\/v2\/types\/page"}],"author":[{"embeddable":true,"href":"https:\/\/copaapartments.com\/pb\/wp-json\/wp\/v2\/users\/1"}],"replies":[{"embeddable":true,"href":"https:\/\/copaapartments.com\/pb\/wp-json\/wp\/v2\/comments?post=16"}],"version-history":[{"count":14,"href":"https:\/\/copaapartments.com\/pb\/wp-json\/wp\/v2\/pages\/16\/revisions"}],"predecessor-version":[{"id":11707,"href":"https:\/\/copaapartments.com\/pb\/wp-json\/wp\/v2\/pages\/16\/revisions\/11707"}],"wp:attachment":[{"href":"https:\/\/copaapartments.com\/pb\/wp-json\/wp\/v2\/media?parent=16"}],"curies":[{"name":"wp","href":"https:\/\/api.w.org\/{rel}","templated":true}]}}