{"id":11,"date":"2018-02-17T13:42:08","date_gmt":"2018-02-17T13:42:08","guid":{"rendered":"http:\/\/copaapartments.com\/?page_id=11"},"modified":"2023-01-25T19:21:17","modified_gmt":"2023-01-25T19:21:17","slug":"home","status":"publish","type":"page","link":"https:\/\/copaapartments.com\/pb\/","title":{"rendered":"Home"},"content":{"rendered":"<p><\/p>\n<h2 style=\"text-align: center;\"><strong>Seja bem vindo(a) \u00e0 Copa Apartments!<\/strong><\/h2>\n<p style=\"text-align: justify;\">A Copa Apartments \u00e9 uma ag\u00eancia familiar dedicada ao aluguel de <a href=\"http:\/\/copaapartments.com\/pb\/apartments\/\">apartamentos por temporada<\/a> no Rio de Janeiro, especialmente em Copacabana. Temos apartamentos em toda a extens\u00e3o de Copacabana, seja pr\u00f3ximo do Leme ou de Ipanema.<\/p>\n<p style=\"text-align: justify;\">Nossos apartamentos s\u00e3o totalmente mobiliados, equipados e s\u00e3o uma excelente alternativa aos quartinhos de hotel caros e com pouca privacidade. Os apartamentos que alugamos no Rio de Janeiro s\u00e3o ideais para turistas, estudantes e pessoas que v\u00eam a trabalho.<\/p>\n<p style=\"text-align: justify;\">Junto aos alugu\u00e9is de apartamentos de temporada, tamb\u00e9m oferecemos diversos <a href=\"http:\/\/copaapartments.com\/pb\/services\/\">servi\u00e7os<\/a> e damos toda a assist\u00eancia necess\u00e1ria para fazer com que a sua estadia no Rio de Janeiro seja a melhor poss\u00edvel. Venha aproveitar a beleza do Rio com o conforto que s\u00f3 a Copa Apartments \u00e9 capaz de oferecer.<\/p>\n<div class=\"mphb_sc_search-wrapper \">\n<form method=\"GET\" class=\"mphb_sc_search-form\" action=\"https:\/\/copaapartments.com\/pb\/search-results\/\" data-first_available_check_in_date=\"2027-04-27\">\n\n\t<p class = \"mphb-required-fields-tip\">\n\t<small>\n\t\tOs campos obrigat\u00f3rios s\u00e3o\t\t<abbr title=\"required\">*<\/abbr>\n\t<\/small>\n<\/p>\n\n\t<p class=\"mphb_sc_search-check-in-date\">\n\t\t<label for=\"mphb_check_in_date-mphb-search-form-69ea2182eaaac\">\n\t\t\tCheckin\t\t\t<abbr title=\"Formatado como dd\/mm\/yyyy\">*<\/abbr>\n\t\t<\/label>\n\t\t<br \/>\n\t\t<input\n\t\t\tid=\"mphb_check_in_date-mphb-search-form-69ea2182eaaac\"\n\t\t\tdata-datepick-group=\"mphb-search-form-69ea2182eaaac\"\n\t\t\tvalue=\"\"\n\t\t\tplaceholder=\"Data do Checkin\"\n\t\t\trequired=\"required\"\n\t\t\ttype=\"text\"\n\t\t\tinputmode=\"none\"\n\t\t\tname=\"mphb_check_in_date\"\n\t\t\tclass=\"mphb-datepick\"\n\t\t\tautocomplete=\"off\"\n\t\t\t\/>\n\t<\/p>\n\n\t<p class=\"mphb_sc_search-check-out-date\">\n\t\t<label for=\"mphb_check_out_date-mphb-search-form-69ea2182eaaac\">\n\t\t\tCheckout\t\t\t<abbr title=\"Formatado como dd\/mm\/yyyy\">*<\/abbr>\n\t\t<\/label>\n\t\t<br \/>\n\t\t<input\n\t\t\tid=\"mphb_check_out_date-mphb-search-form-69ea2182eaaac\"\n\t\t\tdata-datepick-group=\"mphb-search-form-69ea2182eaaac\"\n\t\t\tvalue=\"\"\n\t\t\tplaceholder=\"Data do Checkout\"\n\t\t\trequired=\"required\"\n\t\t\ttype=\"text\"\n\t\t\tinputmode=\"none\"\n\t\t\tname=\"mphb_check_out_date\"\n\t\t\tclass=\"mphb-datepick\"\n\t\t\tautocomplete=\"off\"\n\t\t\t\/>\n\t<\/p>\n\n\t\t\t<p class=\"mphb_sc_search-adults\">\n\t\t\t<label for=\"mphb_adults-mphb-search-form-69ea2182eaaac\">\n\t\t\t\tPessoas\t\t\t<\/label>\n\t\t\t<br \/>\n\t\t\t<select id=\"mphb_adults-mphb-search-form-69ea2182eaaac\" name=\"mphb_adults\" >\n\t\t\t\t\t\t\t\t\t<option value=\"1\"  selected='selected'>1<\/option>\n\t\t\t\t\t\t\t\t\t<option value=\"2\" >2<\/option>\n\t\t\t\t\t\t\t\t\t<option value=\"3\" >3<\/option>\n\t\t\t\t\t\t\t\t\t<option value=\"4\" >4<\/option>\n\t\t\t\t\t\t\t\t\t<option value=\"5\" >5<\/option>\n\t\t\t\t\t\t\t\t\t<option value=\"6\" >6<\/option>\n\t\t\t\t\t\t\t\t\t<option value=\"7\" >7<\/option>\n\t\t\t\t\t\t\t\t\t<option value=\"8\" >8<\/option>\n\t\t\t\t\t\t\t\t\t<option value=\"9\" >9<\/option>\n\t\t\t\t\t\t\t\t\t<option value=\"10\" >10<\/option>\n\t\t\t\t\t\t\t\t\t<option value=\"11\" >11<\/option>\n\t\t\t\t\t\t\t\t\t<option value=\"12\" >12<\/option>\n\t\t\t\t\t\t\t\t\t<option value=\"13\" >13<\/option>\n\t\t\t\t\t\t\t\t\t<option value=\"14\" >14<\/option>\n\t\t\t\t\t\t\t\t\t<option value=\"15\" >15<\/option>\n\t\t\t\t\t\t\t\t\t<option value=\"16\" >16<\/option>\n\t\t\t\t\t\t\t\t\t<option value=\"17\" >17<\/option>\n\t\t\t\t\t\t\t\t\t<option value=\"18\" >18<\/option>\n\t\t\t\t\t\t\t\t\t<option value=\"19\" >19<\/option>\n\t\t\t\t\t\t\t\t\t<option value=\"20\" >20<\/option>\n\t\t\t\t\t\t\t\t\t<option value=\"21\" >21<\/option>\n\t\t\t\t\t\t\t\t\t<option value=\"22\" >22<\/option>\n\t\t\t\t\t\t\t\t\t<option value=\"23\" >23<\/option>\n\t\t\t\t\t\t\t\t\t<option value=\"24\" >24<\/option>\n\t\t\t\t\t\t\t\t\t<option value=\"25\" >25<\/option>\n\t\t\t\t\t\t\t\t\t<option value=\"26\" >26<\/option>\n\t\t\t\t\t\t\t\t\t<option value=\"27\" >27<\/option>\n\t\t\t\t\t\t\t\t\t<option value=\"28\" >28<\/option>\n\t\t\t\t\t\t\t\t\t<option value=\"29\" >29<\/option>\n\t\t\t\t\t\t\t\t\t<option value=\"30\" >30<\/option>\n\t\t\t\t\t\t\t<\/select>\n\t\t<\/p>\n\t\n\t\t\t<p class=\"mphb_sc_search-children\">\n\t\t\t<label for=\"mphb_children-mphb-search-form-69ea2182eaaac\">\n\t\t\t\tCrian\u00e7as\t\t\t<\/label>\n\t\t\t<br \/>\n\t\t\t<select id=\"mphb_children-mphb-search-form-69ea2182eaaac\" name=\"mphb_children\">\n\t\t\t\t\t\t\t\t\t<option value=\"0\"  selected='selected'>0<\/option>\n\t\t\t\t\t\t\t\t\t<option value=\"1\" >1<\/option>\n\t\t\t\t\t\t\t\t\t<option value=\"2\" >2<\/option>\n\t\t\t\t\t\t\t\t\t<option value=\"3\" >3<\/option>\n\t\t\t\t\t\t\t\t\t<option value=\"4\" >4<\/option>\n\t\t\t\t\t\t\t\t\t<option value=\"5\" >5<\/option>\n\t\t\t\t\t\t\t\t\t<option value=\"6\" >6<\/option>\n\t\t\t\t\t\t\t\t\t<option value=\"7\" >7<\/option>\n\t\t\t\t\t\t\t\t\t<option value=\"8\" >8<\/option>\n\t\t\t\t\t\t\t\t\t<option value=\"9\" >9<\/option>\n\t\t\t\t\t\t\t\t\t<option value=\"10\" >10<\/option>\n\t\t\t\t\t\t\t<\/select>\n\t\t<\/p>\n\t\n\t\n\t\n\t<input id=\"mphb_check_in_date-mphb-search-form-69ea2182eaaac-hidden\" value=\"\" type=\"hidden\" name=\"mphb_check_in_date\" \/><input id=\"mphb_check_out_date-mphb-search-form-69ea2182eaaac-hidden\" value=\"\" type=\"hidden\" name=\"mphb_check_out_date\" \/>\n\t<p class=\"mphb_sc_search-submit-button-wrapper\">\n\t\t<input type=\"submit\" class=\"button\" value=\"Busca\"\/>\n\t<\/p>\n\n\t\n<\/form>\n<\/div>\n<p><div class=\"mphb_sc_rooms-wrapper mphb-room-types \">\n<div class=\"mphb-room-type post-34 mphb_room_type type-mphb_room_type status-publish has-post-thumbnail mphb_room_type_category-2-bedrooms mphb_room_type_facility-air-conditioning mphb_room_type_facility-cable-tv mphb_room_type_facility-fully-equipped-kitchen mphb_room_type_facility-safe-box mphb_room_type_facility-washing-machine mphb_room_type_facility-wi-fi mphb-room-type-adults-4 mphb-room-type-children-0 has-taxes-and-fees\">\n\n\t\n\t\n\n\t<p class=\"post-thumbnail mphb-loop-room-thumbnail\"><span class=\"mphb_room_type_featured_image_wrapper\">\n\t<a href=\"https:\/\/copaapartments.com\/pb\/accommodation\/apartment-2b0\/\">\n\t<img loading=\"lazy\" decoding=\"async\" width=\"717\" height=\"540\" src=\"https:\/\/copaapartments.com\/wp-content\/uploads\/2018\/02\/2B0_1-717x540.jpeg\" class=\"attachment-villagio-thumb-small size-villagio-thumb-small wp-post-image\" alt=\"\" srcset=\"https:\/\/copaapartments.com\/wp-content\/uploads\/2018\/02\/2B0_1-717x540.jpeg 717w, https:\/\/copaapartments.com\/wp-content\/uploads\/2018\/02\/2B0_1-300x225.jpeg 300w, https:\/\/copaapartments.com\/wp-content\/uploads\/2018\/02\/2B0_1-1434x1080.jpeg 1434w\" sizes=\"auto, (max-width: 717px) 100vw, 717px\" \/>\t<\/a>\n\n\t<span class=\"mphb_room_type_categories_header_wrapper\"><a href=\"https:\/\/copaapartments.com\/pb\/accommodation-category\/2-bedrooms\/\" rel=\"tag\">2 quartos<\/a><\/span><\/span><!-- .mphb_room_type_featured_image_wrapper --><\/p>\n\n<h2 class=\"mphb-room-type-title entry-title\">\n\n<a class=\"mphb-room-type-title\" href=\"https:\/\/copaapartments.com\/pb\/accommodation\/apartment-2b0\/\">Apartamento 2B0<\/a>\n\n<\/h2>\n\n<p>R$ 840 por noite<\/p>\n\n\n<h3 class=\"mphb-room-type-details-title\">Detalhes<\/h3><ul class=\"mphb-loop-room-type-attributes\">\n\n\n\t<li class=\"mphb-room-type-adults-capacity\"><span class=\"mphb-attribute-title mphb-adults-title\">Pessoas:<\/span><span class=\"mphb-attribute-value\">\n\t4\n\t<\/span><\/li>\n\t\n\n\n\t<li class=\"mphb-room-type-facilities\"><span class=\"mphb-attribute-title mphb-facilities-title\">Comodidades:<\/span><span class=\"mphb-attribute-value\"> <span class=\"facility-air-conditioning\"><a href=\"https:\/\/copaapartments.com\/pb\/accommodation-facility\/air-conditioning\/\">Ar-condicionado<\/a><\/span>, <span class=\"facility-cable-tv\"><a href=\"https:\/\/copaapartments.com\/pb\/accommodation-facility\/cable-tv\/\">TV a cabo<\/a><\/span>, <span class=\"facility-fully-equipped-kitchen\"><a href=\"https:\/\/copaapartments.com\/pb\/accommodation-facility\/fully-equipped-kitchen\/\">Cozinha completa<\/a><\/span>, <span class=\"facility-safe-box\"><a href=\"https:\/\/copaapartments.com\/pb\/accommodation-facility\/safe-box\/\">Cofre<\/a><\/span>, <span class=\"facility-washing-machine\"><a href=\"https:\/\/copaapartments.com\/pb\/accommodation-facility\/washing-machine\/\">M\u00e1quina de lavar roupas<\/a><\/span>, <span class=\"facility-wi-fi\"><a href=\"https:\/\/copaapartments.com\/pb\/accommodation-facility\/wi-fi\/\">Wi-Fi<\/a><\/span><\/span><\/li>\n\t\n\n\n\n\n\n\n\n\t<li class=\"mphb-room-type-categories\"><span class=\"mphb-attribute-title mphb-categories-title\">Categorias:<\/span><span class=\"mphb-attribute-value\"> <span class=\"category-2-bedrooms\"><a href=\"https:\/\/copaapartments.com\/pb\/accommodation-category\/2-bedrooms\/\">2 quartos<\/a><\/span><\/span><\/li>\n\t\n<\/ul>\n<h3 class=\"mphb-room-type-details-title\">Detalhes<\/h3><ul class=\"mphb-loop-room-type-attributes\">\n\n\n\t<li class=\"mphb-room-type-adults-capacity\"><span class=\"mphb-attribute-title mphb-adults-title\">Pessoas:<\/span><span class=\"mphb-attribute-value\">\n\t4\n\t<\/span><\/li>\n\t\n\n\n\t<li class=\"mphb-room-type-facilities\"><span class=\"mphb-attribute-title mphb-facilities-title\">Comodidades:<\/span><span class=\"mphb-attribute-value\"> <span class=\"facility-air-conditioning\"><a href=\"https:\/\/copaapartments.com\/pb\/accommodation-facility\/air-conditioning\/\">Ar-condicionado<\/a><\/span>, <span class=\"facility-cable-tv\"><a href=\"https:\/\/copaapartments.com\/pb\/accommodation-facility\/cable-tv\/\">TV a cabo<\/a><\/span>, <span class=\"facility-fully-equipped-kitchen\"><a href=\"https:\/\/copaapartments.com\/pb\/accommodation-facility\/fully-equipped-kitchen\/\">Cozinha completa<\/a><\/span>, <span class=\"facility-safe-box\"><a href=\"https:\/\/copaapartments.com\/pb\/accommodation-facility\/safe-box\/\">Cofre<\/a><\/span>, <span class=\"facility-washing-machine\"><a href=\"https:\/\/copaapartments.com\/pb\/accommodation-facility\/washing-machine\/\">M\u00e1quina de lavar roupas<\/a><\/span>, <span class=\"facility-wi-fi\"><a href=\"https:\/\/copaapartments.com\/pb\/accommodation-facility\/wi-fi\/\">Wi-Fi<\/a><\/span><\/span><\/li>\n\t\n\n\n\n\n\n\n\n\t<li class=\"mphb-room-type-categories\"><span class=\"mphb-attribute-title mphb-categories-title\">Categorias:<\/span><span class=\"mphb-attribute-value\"> <span class=\"category-2-bedrooms\"><a href=\"https:\/\/copaapartments.com\/pb\/accommodation-category\/2-bedrooms\/\">2 quartos<\/a><\/span><\/span><\/li>\n\t\n<\/ul>\n<p class=\"mphb-view-details-button-wrapper\">\n<a class=\"button mphb-view-details-button\" href=\"https:\/\/copaapartments.com\/pb\/accommodation\/apartment-2b0\/\" >Ver Detalhes<\/a>\n<\/p>\n<div class=\"mphb-to-book-btn-wrapper\">\n<form action=\"https:\/\/copaapartments.com\/pb\/accommodation\/apartment-2b0\/#booking-form-34\" method=\"get\" ><button type=\"submit\" class=\"button mphb-book-button\" >Reservar<\/button><\/form>\n<br\/><\/div>\n\t\n<\/div>\n\n<div class=\"mphb-room-type post-560 mphb_room_type type-mphb_room_type status-publish has-post-thumbnail mphb_room_type_category-1-bedroom mphb_room_type_facility-air-conditioning mphb_room_type_facility-cable-tv mphb_room_type_facility-fully-equipped-kitchen mphb_room_type_facility-safe-box mphb_room_type_facility-sofa-bed mphb_room_type_facility-washing-machine mphb_room_type_facility-wi-fi mphb-room-type-adults-4 mphb-room-type-children-0 has-taxes-and-fees\">\n\n\t\n\t\n\n\t<p class=\"post-thumbnail mphb-loop-room-thumbnail\"><span class=\"mphb_room_type_featured_image_wrapper\">\n\t<a href=\"https:\/\/copaapartments.com\/pb\/accommodation\/apartment-1b0\/\">\n\t<img loading=\"lazy\" decoding=\"async\" width=\"717\" height=\"540\" src=\"https:\/\/copaapartments.com\/wp-content\/uploads\/2018\/03\/1B0_1-2-717x540.jpg\" class=\"attachment-villagio-thumb-small size-villagio-thumb-small wp-post-image\" alt=\"\" srcset=\"https:\/\/copaapartments.com\/wp-content\/uploads\/2018\/03\/1B0_1-2-717x540.jpg 717w, https:\/\/copaapartments.com\/wp-content\/uploads\/2018\/03\/1B0_1-2-300x225.jpg 300w\" sizes=\"auto, (max-width: 717px) 100vw, 717px\" \/>\t<\/a>\n\n\t<span class=\"mphb_room_type_categories_header_wrapper\"><a href=\"https:\/\/copaapartments.com\/pb\/accommodation-category\/1-bedroom\/\" rel=\"tag\">1 quarto<\/a><\/span><\/span><!-- .mphb_room_type_featured_image_wrapper --><\/p>\n\n<h2 class=\"mphb-room-type-title entry-title\">\n\n<a class=\"mphb-room-type-title\" href=\"https:\/\/copaapartments.com\/pb\/accommodation\/apartment-1b0\/\">Apartamento 1B0<\/a>\n\n<\/h2>\n\n<p>R$ 250 por noite<\/p>\n\n\n<h3 class=\"mphb-room-type-details-title\">Detalhes<\/h3><ul class=\"mphb-loop-room-type-attributes\">\n\n\n\t<li class=\"mphb-room-type-adults-capacity\"><span class=\"mphb-attribute-title mphb-adults-title\">Pessoas:<\/span><span class=\"mphb-attribute-value\">\n\t4\n\t<\/span><\/li>\n\t\n\n\n\t<li class=\"mphb-room-type-facilities\"><span class=\"mphb-attribute-title mphb-facilities-title\">Comodidades:<\/span><span class=\"mphb-attribute-value\"> <span class=\"facility-air-conditioning\"><a href=\"https:\/\/copaapartments.com\/pb\/accommodation-facility\/air-conditioning\/\">Ar-condicionado<\/a><\/span>, <span class=\"facility-cable-tv\"><a href=\"https:\/\/copaapartments.com\/pb\/accommodation-facility\/cable-tv\/\">TV a cabo<\/a><\/span>, <span class=\"facility-fully-equipped-kitchen\"><a href=\"https:\/\/copaapartments.com\/pb\/accommodation-facility\/fully-equipped-kitchen\/\">Cozinha completa<\/a><\/span>, <span class=\"facility-safe-box\"><a href=\"https:\/\/copaapartments.com\/pb\/accommodation-facility\/safe-box\/\">Cofre<\/a><\/span>, <span class=\"facility-sofa-bed\"><a href=\"https:\/\/copaapartments.com\/pb\/accommodation-facility\/sofa-bed\/\">Sof\u00e1 cama<\/a><\/span>, <span class=\"facility-washing-machine\"><a href=\"https:\/\/copaapartments.com\/pb\/accommodation-facility\/washing-machine\/\">M\u00e1quina de lavar roupas<\/a><\/span>, <span class=\"facility-wi-fi\"><a href=\"https:\/\/copaapartments.com\/pb\/accommodation-facility\/wi-fi\/\">Wi-Fi<\/a><\/span><\/span><\/li>\n\t\n\n\n\n\n\n\n\n\t<li class=\"mphb-room-type-categories\"><span class=\"mphb-attribute-title mphb-categories-title\">Categorias:<\/span><span class=\"mphb-attribute-value\"> <span class=\"category-1-bedroom\"><a href=\"https:\/\/copaapartments.com\/pb\/accommodation-category\/1-bedroom\/\">1 quarto<\/a><\/span><\/span><\/li>\n\t\n<\/ul>\n<h3 class=\"mphb-room-type-details-title\">Detalhes<\/h3><ul class=\"mphb-loop-room-type-attributes\">\n\n\n\t<li class=\"mphb-room-type-adults-capacity\"><span class=\"mphb-attribute-title mphb-adults-title\">Pessoas:<\/span><span class=\"mphb-attribute-value\">\n\t4\n\t<\/span><\/li>\n\t\n\n\n\t<li class=\"mphb-room-type-facilities\"><span class=\"mphb-attribute-title mphb-facilities-title\">Comodidades:<\/span><span class=\"mphb-attribute-value\"> <span class=\"facility-air-conditioning\"><a href=\"https:\/\/copaapartments.com\/pb\/accommodation-facility\/air-conditioning\/\">Ar-condicionado<\/a><\/span>, <span class=\"facility-cable-tv\"><a href=\"https:\/\/copaapartments.com\/pb\/accommodation-facility\/cable-tv\/\">TV a cabo<\/a><\/span>, <span class=\"facility-fully-equipped-kitchen\"><a href=\"https:\/\/copaapartments.com\/pb\/accommodation-facility\/fully-equipped-kitchen\/\">Cozinha completa<\/a><\/span>, <span class=\"facility-safe-box\"><a href=\"https:\/\/copaapartments.com\/pb\/accommodation-facility\/safe-box\/\">Cofre<\/a><\/span>, <span class=\"facility-sofa-bed\"><a href=\"https:\/\/copaapartments.com\/pb\/accommodation-facility\/sofa-bed\/\">Sof\u00e1 cama<\/a><\/span>, <span class=\"facility-washing-machine\"><a href=\"https:\/\/copaapartments.com\/pb\/accommodation-facility\/washing-machine\/\">M\u00e1quina de lavar roupas<\/a><\/span>, <span class=\"facility-wi-fi\"><a href=\"https:\/\/copaapartments.com\/pb\/accommodation-facility\/wi-fi\/\">Wi-Fi<\/a><\/span><\/span><\/li>\n\t\n\n\n\n\n\n\n\n\t<li class=\"mphb-room-type-categories\"><span class=\"mphb-attribute-title mphb-categories-title\">Categorias:<\/span><span class=\"mphb-attribute-value\"> <span class=\"category-1-bedroom\"><a href=\"https:\/\/copaapartments.com\/pb\/accommodation-category\/1-bedroom\/\">1 quarto<\/a><\/span><\/span><\/li>\n\t\n<\/ul>\n<p class=\"mphb-view-details-button-wrapper\">\n<a class=\"button mphb-view-details-button\" href=\"https:\/\/copaapartments.com\/pb\/accommodation\/apartment-1b0\/\" >Ver Detalhes<\/a>\n<\/p>\n<div class=\"mphb-to-book-btn-wrapper\">\n<form action=\"https:\/\/copaapartments.com\/pb\/accommodation\/apartment-1b0\/#booking-form-560\" method=\"get\" ><button type=\"submit\" class=\"button mphb-book-button\" >Reservar<\/button><\/form>\n<br\/><\/div>\n\t\n<\/div>\n\n<div class=\"mphb-room-type post-229 mphb_room_type type-mphb_room_type status-publish has-post-thumbnail mphb_room_type_category-2-bedrooms mphb_room_type_facility-air-conditioning mphb_room_type_facility-cable-tv mphb_room_type_facility-fully-equipped-kitchen mphb_room_type_facility-safe-box mphb_room_type_facility-sofa-bed mphb_room_type_facility-washing-machine mphb_room_type_facility-wi-fi mphb-room-type-adults-5 mphb-room-type-children-0 has-taxes-and-fees\">\n\n\t\n\t\n\n\t<p class=\"post-thumbnail mphb-loop-room-thumbnail\"><span class=\"mphb_room_type_featured_image_wrapper\">\n\t<a href=\"https:\/\/copaapartments.com\/pb\/accommodation\/apartment-2b1\/\">\n\t<img loading=\"lazy\" decoding=\"async\" width=\"717\" height=\"540\" src=\"https:\/\/copaapartments.com\/wp-content\/uploads\/2018\/02\/2B1_5-3-717x540.jpg\" class=\"attachment-villagio-thumb-small size-villagio-thumb-small wp-post-image\" alt=\"\" srcset=\"https:\/\/copaapartments.com\/wp-content\/uploads\/2018\/02\/2B1_5-3-717x540.jpg 717w, https:\/\/copaapartments.com\/wp-content\/uploads\/2018\/02\/2B1_5-3-300x225.jpg 300w\" sizes=\"auto, (max-width: 717px) 100vw, 717px\" \/>\t<\/a>\n\n\t<span class=\"mphb_room_type_categories_header_wrapper\"><a href=\"https:\/\/copaapartments.com\/pb\/accommodation-category\/2-bedrooms\/\" rel=\"tag\">2 quartos<\/a><\/span><\/span><!-- .mphb_room_type_featured_image_wrapper --><\/p>\n\n<h2 class=\"mphb-room-type-title entry-title\">\n\n<a class=\"mphb-room-type-title\" href=\"https:\/\/copaapartments.com\/pb\/accommodation\/apartment-2b1\/\">Apartamento 2B1<\/a>\n\n<\/h2>\n\n<p>R$ 480 por noite<\/p>\n\n\n<h3 class=\"mphb-room-type-details-title\">Detalhes<\/h3><ul class=\"mphb-loop-room-type-attributes\">\n\n\n\t<li class=\"mphb-room-type-adults-capacity\"><span class=\"mphb-attribute-title mphb-adults-title\">Pessoas:<\/span><span class=\"mphb-attribute-value\">\n\t5\n\t<\/span><\/li>\n\t\n\n\n\t<li class=\"mphb-room-type-facilities\"><span class=\"mphb-attribute-title mphb-facilities-title\">Comodidades:<\/span><span class=\"mphb-attribute-value\"> <span class=\"facility-air-conditioning\"><a href=\"https:\/\/copaapartments.com\/pb\/accommodation-facility\/air-conditioning\/\">Ar-condicionado<\/a><\/span>, <span class=\"facility-cable-tv\"><a href=\"https:\/\/copaapartments.com\/pb\/accommodation-facility\/cable-tv\/\">TV a cabo<\/a><\/span>, <span class=\"facility-fully-equipped-kitchen\"><a href=\"https:\/\/copaapartments.com\/pb\/accommodation-facility\/fully-equipped-kitchen\/\">Cozinha completa<\/a><\/span>, <span class=\"facility-safe-box\"><a href=\"https:\/\/copaapartments.com\/pb\/accommodation-facility\/safe-box\/\">Cofre<\/a><\/span>, <span class=\"facility-sofa-bed\"><a href=\"https:\/\/copaapartments.com\/pb\/accommodation-facility\/sofa-bed\/\">Sof\u00e1 cama<\/a><\/span>, <span class=\"facility-washing-machine\"><a href=\"https:\/\/copaapartments.com\/pb\/accommodation-facility\/washing-machine\/\">M\u00e1quina de lavar roupas<\/a><\/span>, <span class=\"facility-wi-fi\"><a href=\"https:\/\/copaapartments.com\/pb\/accommodation-facility\/wi-fi\/\">Wi-Fi<\/a><\/span><\/span><\/li>\n\t\n\n\n\n\n\n\n\n\t<li class=\"mphb-room-type-categories\"><span class=\"mphb-attribute-title mphb-categories-title\">Categorias:<\/span><span class=\"mphb-attribute-value\"> <span class=\"category-2-bedrooms\"><a href=\"https:\/\/copaapartments.com\/pb\/accommodation-category\/2-bedrooms\/\">2 quartos<\/a><\/span><\/span><\/li>\n\t\n<\/ul>\n<h3 class=\"mphb-room-type-details-title\">Detalhes<\/h3><ul class=\"mphb-loop-room-type-attributes\">\n\n\n\t<li class=\"mphb-room-type-adults-capacity\"><span class=\"mphb-attribute-title mphb-adults-title\">Pessoas:<\/span><span class=\"mphb-attribute-value\">\n\t5\n\t<\/span><\/li>\n\t\n\n\n\t<li class=\"mphb-room-type-facilities\"><span class=\"mphb-attribute-title mphb-facilities-title\">Comodidades:<\/span><span class=\"mphb-attribute-value\"> <span class=\"facility-air-conditioning\"><a href=\"https:\/\/copaapartments.com\/pb\/accommodation-facility\/air-conditioning\/\">Ar-condicionado<\/a><\/span>, <span class=\"facility-cable-tv\"><a href=\"https:\/\/copaapartments.com\/pb\/accommodation-facility\/cable-tv\/\">TV a cabo<\/a><\/span>, <span class=\"facility-fully-equipped-kitchen\"><a href=\"https:\/\/copaapartments.com\/pb\/accommodation-facility\/fully-equipped-kitchen\/\">Cozinha completa<\/a><\/span>, <span class=\"facility-safe-box\"><a href=\"https:\/\/copaapartments.com\/pb\/accommodation-facility\/safe-box\/\">Cofre<\/a><\/span>, <span class=\"facility-sofa-bed\"><a href=\"https:\/\/copaapartments.com\/pb\/accommodation-facility\/sofa-bed\/\">Sof\u00e1 cama<\/a><\/span>, <span class=\"facility-washing-machine\"><a href=\"https:\/\/copaapartments.com\/pb\/accommodation-facility\/washing-machine\/\">M\u00e1quina de lavar roupas<\/a><\/span>, <span class=\"facility-wi-fi\"><a href=\"https:\/\/copaapartments.com\/pb\/accommodation-facility\/wi-fi\/\">Wi-Fi<\/a><\/span><\/span><\/li>\n\t\n\n\n\n\n\n\n\n\t<li class=\"mphb-room-type-categories\"><span class=\"mphb-attribute-title mphb-categories-title\">Categorias:<\/span><span class=\"mphb-attribute-value\"> <span class=\"category-2-bedrooms\"><a href=\"https:\/\/copaapartments.com\/pb\/accommodation-category\/2-bedrooms\/\">2 quartos<\/a><\/span><\/span><\/li>\n\t\n<\/ul>\n<p class=\"mphb-view-details-button-wrapper\">\n<a class=\"button mphb-view-details-button\" href=\"https:\/\/copaapartments.com\/pb\/accommodation\/apartment-2b1\/\" >Ver Detalhes<\/a>\n<\/p>\n<div class=\"mphb-to-book-btn-wrapper\">\n<form action=\"https:\/\/copaapartments.com\/pb\/accommodation\/apartment-2b1\/#booking-form-229\" method=\"get\" ><button type=\"submit\" class=\"button mphb-book-button\" >Reservar<\/button><\/form>\n<br\/><\/div>\n\t\n<\/div>\n\n\t\t\t<nav class=\"navigation mphb-pagination pagination\" role=\"navigation\">\n\t\t\t\t<h2 class=\"screen-reader-text\">Pagina\u00e7\u00e3o da Acomoda\u00e7\u00e3o<\/h2>\n\t\t\t\t<div class=\"nav-links\"><span aria-current=\"page\" class=\"page-numbers current\">1<\/span>\n<a class=\"page-numbers\" href=\"https:\/\/copaapartments.com\/pb\/wp-json\/wp\/v2\/pages\/11\/page\/2\/\">2<\/a>\n<a class=\"page-numbers\" href=\"https:\/\/copaapartments.com\/pb\/wp-json\/wp\/v2\/pages\/11\/page\/3\/\">3<\/a>\n<a class=\"page-numbers\" href=\"https:\/\/copaapartments.com\/pb\/wp-json\/wp\/v2\/pages\/11\/page\/4\/\">4<\/a>\n<a class=\"next page-numbers\" href=\"https:\/\/copaapartments.com\/pb\/wp-json\/wp\/v2\/pages\/11\/page\/2\/\">Pr\u00f3ximo &raquo;<\/a><\/div>\n\t\t\t<\/nav><\/div><\/p>","protected":false},"excerpt":{"rendered":"<p>Seja bem vindo(a) \u00e0 Copa Apartments! A Copa Apartments \u00e9 uma ag\u00eancia familiar dedicada ao aluguel de apartamentos por temporada no Rio de Janeiro, especialmente em Copacabana. Temos apartamentos em toda a extens\u00e3o de Copacabana, seja pr\u00f3ximo do Leme ou de Ipanema. Nossos apartamentos s\u00e3o totalmente mobiliados, equipados e s\u00e3o uma excelente alternativa aos quartinhos &hellip; <a href=\"https:\/\/copaapartments.com\/pb\/accommodation\/apartment-2b1\/\" class=\"more-link\">Continue reading<span class=\"screen-reader-text\"> &#8220;Apartamento 2B1&#8221;<\/span><\/a><\/p>\n","protected":false},"author":1,"featured_media":0,"parent":0,"menu_order":0,"comment_status":"closed","ping_status":"closed","template":"template-front-page.php","meta":{"footnotes":""},"class_list":["post-11","page","type-page","status-publish","hentry"],"_links":{"self":[{"href":"https:\/\/copaapartments.com\/pb\/wp-json\/wp\/v2\/pages\/11","targetHints":{"allow":["GET"]}}],"collection":[{"href":"https:\/\/copaapartments.com\/pb\/wp-json\/wp\/v2\/pages"}],"about":[{"href":"https:\/\/copaapartments.com\/pb\/wp-json\/wp\/v2\/types\/page"}],"author":[{"embeddable":true,"href":"https:\/\/copaapartments.com\/pb\/wp-json\/wp\/v2\/users\/1"}],"replies":[{"embeddable":true,"href":"https:\/\/copaapartments.com\/pb\/wp-json\/wp\/v2\/comments?post=11"}],"version-history":[{"count":17,"href":"https:\/\/copaapartments.com\/pb\/wp-json\/wp\/v2\/pages\/11\/revisions"}],"predecessor-version":[{"id":4241,"href":"https:\/\/copaapartments.com\/pb\/wp-json\/wp\/v2\/pages\/11\/revisions\/4241"}],"wp:attachment":[{"href":"https:\/\/copaapartments.com\/pb\/wp-json\/wp\/v2\/media?parent=11"}],"curies":[{"name":"wp","href":"https:\/\/api.w.org\/{rel}","templated":true}]}}