{"id":727,"date":"2018-06-21T03:11:00","date_gmt":"2018-06-21T03:11:00","guid":{"rendered":"https:\/\/copaapartments.com\/?page_id=727"},"modified":"2018-06-21T14:24:17","modified_gmt":"2018-06-21T14:24:17","slug":"where-to-stay-and-what-to-do-in-copacabana","status":"publish","type":"page","link":"https:\/\/copaapartments.com\/it\/where-to-stay-and-what-to-do-in-copacabana\/","title":{"rendered":"Dove alloggiare e cose da fare a Copacabana"},"content":{"rendered":"<p><\/p>\n<p class=\"western\" lang=\"en-US\">Copacabana e Ipanema sono considerati i migliori posti dove stare a Rio de Janeiro. Entrambe sono grandi scelte, ma pensiamo che Copacabana sia la cosa migliore per due motivi principali. Innanzitutto, \u00e8 notevolmente pi\u00f9 economico di Ipanema e in secondo luogo, \u00e8 un quartiere che non dorme mai, nella maggior parte delle aree di Copacabana si pu\u00f2 camminare a qualsiasi ora della notte e ci saranno persone che camminano e negozi aperti.<\/p>\n<p class=\"western\" lang=\"en-US\">La spiaggia di Copacabana \u00e8 divisa in 5 \u201cposti\u201d, che sono marchi di 1 chilometro (circa) sulla spiaggia. Se ti trovi vicino alla spiaggia, stare in una delle \u201cstazioni\u201d \u00e8 ugualmente piacevole e sicuro. Tutti i nostri appartamenti si trovano a 3 isolati dalla spiaggia, a circa 5 minuti a piedi dalla spiaggia. In tutte le stazioni avrai facile accesso a tutti i tipi di trasporto e sarai circondato da tutti i tipi di commercio, come ristoranti, farmacie, supermercati, bar, banche, ecc.<\/p>\n<p class=\"western\" lang=\"en-US\">La stazione 1 si trova sulla stessa spiaggia, ma \u00e8 conosciuta come un quartiere separato chiamato \u201cLeme\u201d. Leme \u00e8 un\u2019altra zona un po \u2018pi\u00f9 residenziale e tranquilla.<\/p>\n<p class=\"western\" lang=\"en-US\">Il post 2 \u00e8 dove inizia Copacabana. I posti 2 e 3 hanno un\u2019atmosfera molto accogliente ed \u00e8 la nostra regione preferita. \u00c8 dove si trova il famoso hotel Copacabana Palace. Ci sono molti buoni ristoranti in giro, come il grill Carret\u00e3o, il ristorante libanese Amir e il ristorante self service Siqueira Grill. Anche molti bei bar, come il Imortais, il Mud Bug o il Pav\u00e3o Azul. Non dimenticare di prendere un sandwich al filetto con ananas nel \u201cCervantes\u201d. La stazione della metropolitana di questa zona pu\u00f2 essere sia \u201cCardeal Arcoverde\u201d che \u201cSiqueira Campos\u201d.<\/p>\n<p class=\"western\" lang=\"en-US\">Posto 4 \u00e8 una zona pi\u00f9 commerciale di Copacabana, con molti negozi di abbigliamento e elettrodomestici sul viale principale, Avenida Nossa Senhora de Copacabana, con marciapiedi affollati durante il giorno. \u00c8 un ottimo posto per fare acquisti. La stazione della metropolitana per questa zona \u00e8 la stazione &#8220;Siqueira Campos&#8221;.<\/p>\n<p class=\"western\" lang=\"en-US\">I posti 5 e 6 hanno un&#8217;atmosfera accogliente simile a quella dei post 2 e 3, con molti buoni ristoranti come l&#8217;italiano &#8220;Don Camillo&#8221;, il &#8220;fast food&#8221; 24h Stalos, oltre a molti bei bar intorno alla strada &#8221; Aires Saldanha &#8220;. Questa zona ha il vantaggio di essere molto vicina a Ipanema, potendo camminare tra i quartieri. La stazione della metropolitana per questa zona \u00e8 la stazione &#8220;Cantagalo&#8221;.<\/p>\n<p class=\"western\" lang=\"en-US\">Ecco una mappa che abbiamo preparato con alcuni punti di interesse:<\/p>\n<p lang=\"en-US\"><iframe loading=\"lazy\" src=\"https:\/\/www.google.com\/maps\/d\/embed?mid=1j-UK8EGT4aPvbNgONmyMYoWj7jt1obdO\" width=\"640\" height=\"480\"><\/iframe><\/p>\n<p><\/p>","protected":false},"excerpt":{"rendered":"<p>Copacabana e Ipanema sono considerati i migliori posti dove stare a Rio de Janeiro. Entrambe sono grandi scelte, ma pensiamo che Copacabana sia la cosa migliore per due motivi principali. Innanzitutto, \u00e8 notevolmente pi\u00f9 economico di Ipanema e in secondo luogo, \u00e8 un quartiere che non dorme mai, nella maggior parte delle aree di Copacabana &hellip; <a href=\"https:\/\/copaapartments.com\/it\/where-to-stay-and-what-to-do-in-copacabana\/\" class=\"more-link\">Continue reading<span class=\"screen-reader-text\"> &#8220;Dove alloggiare e cose da fare a Copacabana&#8221;<\/span><\/a><\/p>\n","protected":false},"author":1,"featured_media":0,"parent":0,"menu_order":0,"comment_status":"closed","ping_status":"closed","template":"","meta":{"footnotes":""},"class_list":["post-727","page","type-page","status-publish","hentry"],"_links":{"self":[{"href":"https:\/\/copaapartments.com\/it\/wp-json\/wp\/v2\/pages\/727","targetHints":{"allow":["GET"]}}],"collection":[{"href":"https:\/\/copaapartments.com\/it\/wp-json\/wp\/v2\/pages"}],"about":[{"href":"https:\/\/copaapartments.com\/it\/wp-json\/wp\/v2\/types\/page"}],"author":[{"embeddable":true,"href":"https:\/\/copaapartments.com\/it\/wp-json\/wp\/v2\/users\/1"}],"replies":[{"embeddable":true,"href":"https:\/\/copaapartments.com\/it\/wp-json\/wp\/v2\/comments?post=727"}],"version-history":[{"count":13,"href":"https:\/\/copaapartments.com\/it\/wp-json\/wp\/v2\/pages\/727\/revisions"}],"predecessor-version":[{"id":749,"href":"https:\/\/copaapartments.com\/it\/wp-json\/wp\/v2\/pages\/727\/revisions\/749"}],"wp:attachment":[{"href":"https:\/\/copaapartments.com\/it\/wp-json\/wp\/v2\/media?parent=727"}],"curies":[{"name":"wp","href":"https:\/\/api.w.org\/{rel}","templated":true}]}}