{"id":488,"date":"2018-02-21T03:17:00","date_gmt":"2018-02-21T03:17:00","guid":{"rendered":"http:\/\/copaapartments.com\/?page_id=488"},"modified":"2018-02-21T03:17:00","modified_gmt":"2018-02-21T03:17:00","slug":"rio-de-janeiro","status":"publish","type":"page","link":"https:\/\/copaapartments.com\/it\/rio-de-janeiro\/","title":{"rendered":"Rio de Janeiro"},"content":{"rendered":"<p><\/p>\n<p style=\"text-align: justify;\">Rio de Janeiro, \u00e8 la seconda grande citt\u00e0 del Brasile, dietro a San Paolo. La citt\u00e0 \u00e8 la capitale dello stato di Rio de Janeiro. Fu capitale del Brasile per quasi due secoli, dal 1763 al 1822 quando era una colonia portoghese e dal 1822 al 1960 come nazione indipendente. Era la capitale de facto dell&#8217;impero portoghese dal 1808 al 1821. Comunemente conosciuta come solo Rio, la citt\u00e0 \u00e8 anche soprannominata A Cidade Maravilhosa &#8211; &#8220;La citt\u00e0 meravigliosa&#8221;.<img loading=\"lazy\" decoding=\"async\" class=\"size-full wp-image-489 alignright\" src=\"http:\/\/copaapartments.com\/wp-content\/uploads\/2018\/02\/rio_de_janeiro.jpg\" alt=\"\" width=\"250\" height=\"188\" \/><\/p>\n<p style=\"text-align: justify;\">\u00c8 famoso per il suo spettacolare scenario naturale, le sue celebrazioni carnevalesche, il samba e altre musiche, le spiagge turistiche alberate, come Copacabana e Ipanema, pavimentate con mosaici decorati con motivi neri e crema, conosciuti localmente come &#8220;pedra portuguesa&#8221;. Alcuni dei monumenti pi\u00f9 famosi locali oltre alle spiagge includono la gigantesca statua di Ges\u00f9, conosciuta come Cristo Redentore (Cristo Redentore) sulla cima del monte Corcovado, che \u00e8 stata recentemente nominata una delle Nuove Sette Meraviglie del Mondo; Pan di Zucchero (P\u00e3o de A\u00e7\u00facar) con la sua funivia; il Samb\u00f3dromo, una gigantesca parata permanente usata durante il Carnevale; e lo stadio Maracan\u00e3, uno degli stadi di calcio pi\u00f9 grandi del mondo. Rio vanta anche le due foreste pi\u00f9 grandi del mondo all&#8217;interno di un&#8217;area urbana. La prima \u00e8 la foresta del Parque Estadual da Pedra Branca, o White Stone State Park. Il secondo, quasi collegato al primo, \u00e8 la famosa Floresta da Tijuca, o &#8220;Foresta di Tijuca&#8221;.<br \/>\nL&#8217;aeroporto internazionale Gale\u00e3o &#8211; Ant\u00f4nio Carlos Jobim collega Rio de Janeiro con molte citt\u00e0 brasiliane e gestisce anche diversi voli internazionali.<\/p>\n<p><\/p>","protected":false},"excerpt":{"rendered":"<p>Rio de Janeiro, \u00e8 la seconda grande citt\u00e0 del Brasile, dietro a San Paolo. La citt\u00e0 \u00e8 la capitale dello stato di Rio de Janeiro. Fu capitale del Brasile per quasi due secoli, dal 1763 al 1822 quando era una colonia portoghese e dal 1822 al 1960 come nazione indipendente. Era la capitale de facto &hellip; <a href=\"https:\/\/copaapartments.com\/it\/rio-de-janeiro\/\" class=\"more-link\">Continue reading<span class=\"screen-reader-text\"> &#8220;Rio de Janeiro&#8221;<\/span><\/a><\/p>\n","protected":false},"author":1,"featured_media":0,"parent":0,"menu_order":0,"comment_status":"closed","ping_status":"closed","template":"","meta":{"footnotes":""},"class_list":["post-488","page","type-page","status-publish","hentry"],"_links":{"self":[{"href":"https:\/\/copaapartments.com\/it\/wp-json\/wp\/v2\/pages\/488","targetHints":{"allow":["GET"]}}],"collection":[{"href":"https:\/\/copaapartments.com\/it\/wp-json\/wp\/v2\/pages"}],"about":[{"href":"https:\/\/copaapartments.com\/it\/wp-json\/wp\/v2\/types\/page"}],"author":[{"embeddable":true,"href":"https:\/\/copaapartments.com\/it\/wp-json\/wp\/v2\/users\/1"}],"replies":[{"embeddable":true,"href":"https:\/\/copaapartments.com\/it\/wp-json\/wp\/v2\/comments?post=488"}],"version-history":[{"count":1,"href":"https:\/\/copaapartments.com\/it\/wp-json\/wp\/v2\/pages\/488\/revisions"}],"predecessor-version":[{"id":490,"href":"https:\/\/copaapartments.com\/it\/wp-json\/wp\/v2\/pages\/488\/revisions\/490"}],"wp:attachment":[{"href":"https:\/\/copaapartments.com\/it\/wp-json\/wp\/v2\/media?parent=488"}],"curies":[{"name":"wp","href":"https:\/\/api.w.org\/{rel}","templated":true}]}}