{"id":20,"date":"2018-02-17T13:47:56","date_gmt":"2018-02-17T13:47:56","guid":{"rendered":"http:\/\/copaapartments.com\/?page_id=20"},"modified":"2018-02-18T16:17:45","modified_gmt":"2018-02-18T16:17:45","slug":"payment","status":"publish","type":"page","link":"https:\/\/copaapartments.com\/it\/payment\/","title":{"rendered":"Pagamento"},"content":{"rendered":"<p><\/p>\n<p style=\"text-align: justify;\">La prenotazione \u00e8 fatta per un pagamento del 50% dell&#8217;importo totale e il resto \u00e8 pagato in contanti al momento del check-in. Per coloro che si trovano in Brasile, il pagamento del primo 50% pu\u00f2 essere effettuato tramite bonifico bancario senza commissioni. Per i pagamenti internazionali, abbiamo le seguenti alternative:<\/p>\n<p style=\"text-align: justify;\"><strong>Carta di credito:<\/strong><\/p>\n<p style=\"text-align: justify;\">Puoi pagare con carta di credito tramite PayPal (tassa del 5%). Una fattura con le istruzioni per il pagamento verr\u00e0 inviata al tuo indirizzo e-mail non appena viene richiesta la prenotazione.<\/p>\n<p style=\"text-align: justify;\"><strong>Western Union (tasso variabile):<\/strong><\/p>\n<p style=\"text-align: justify;\">* Per maggiori informazioni contattaci<\/p>\n<p style=\"text-align: justify;\"><strong>Bonifico bancario internazionale (tasso di circa R $ 100 BRL + 5% del tasso di cambio):<\/strong><\/p>\n<p style=\"text-align: justify;\">* Per maggiori informazioni contattaci<\/p>\n<p style=\"text-align: justify;\"><strong>IMPORTANTE:<\/strong><\/p>\n<p style=\"text-align: justify;\">Non appena viene effettuata una prenotazione, effettuiamo immediatamente il pagamento al proprietario dell&#8217;appartamento prenotato e procediamo a rifiutare tutte le richieste ricevute per lo stesso appartamento durante le date prenotate. Quindi assicurati del tuo viaggio prima di effettuare un deposito. Non rimborseremo il deposito per la cancellazione del viaggio. Accertati anche dell&#8217;appartamento scelto, poich\u00e9 poich\u00e9 ogni appartamento ha un proprietario diverso, non possiamo scambiare l&#8217;appartamento prenotato.<\/p>\n<p><\/p>","protected":false},"excerpt":{"rendered":"<p>La prenotazione \u00e8 fatta per un pagamento del 50% dell&#8217;importo totale e il resto \u00e8 pagato in contanti al momento del check-in. Per coloro che si trovano in Brasile, il pagamento del primo 50% pu\u00f2 essere effettuato tramite bonifico bancario senza commissioni. Per i pagamenti internazionali, abbiamo le seguenti alternative: Carta di credito: Puoi pagare &hellip; <a href=\"https:\/\/copaapartments.com\/it\/payment\/\" class=\"more-link\">Continue reading<span class=\"screen-reader-text\"> &#8220;Pagamento&#8221;<\/span><\/a><\/p>\n","protected":false},"author":1,"featured_media":0,"parent":0,"menu_order":0,"comment_status":"closed","ping_status":"closed","template":"","meta":{"footnotes":""},"class_list":["post-20","page","type-page","status-publish","hentry"],"_links":{"self":[{"href":"https:\/\/copaapartments.com\/it\/wp-json\/wp\/v2\/pages\/20","targetHints":{"allow":["GET"]}}],"collection":[{"href":"https:\/\/copaapartments.com\/it\/wp-json\/wp\/v2\/pages"}],"about":[{"href":"https:\/\/copaapartments.com\/it\/wp-json\/wp\/v2\/types\/page"}],"author":[{"embeddable":true,"href":"https:\/\/copaapartments.com\/it\/wp-json\/wp\/v2\/users\/1"}],"replies":[{"embeddable":true,"href":"https:\/\/copaapartments.com\/it\/wp-json\/wp\/v2\/comments?post=20"}],"version-history":[{"count":3,"href":"https:\/\/copaapartments.com\/it\/wp-json\/wp\/v2\/pages\/20\/revisions"}],"predecessor-version":[{"id":287,"href":"https:\/\/copaapartments.com\/it\/wp-json\/wp\/v2\/pages\/20\/revisions\/287"}],"wp:attachment":[{"href":"https:\/\/copaapartments.com\/it\/wp-json\/wp\/v2\/media?parent=20"}],"curies":[{"name":"wp","href":"https:\/\/api.w.org\/{rel}","templated":true}]}}