{"id":16,"date":"2018-02-17T13:46:03","date_gmt":"2018-02-17T13:46:03","guid":{"rendered":"http:\/\/copaapartments.com\/?page_id=16"},"modified":"2026-02-06T14:44:15","modified_gmt":"2026-02-06T14:44:15","slug":"apartments","status":"publish","type":"page","link":"https:\/\/copaapartments.com\/it\/apartments\/","title":{"rendered":"Appartamenti"},"content":{"rendered":"<p><\/p>\n<p style=\"text-align: justify;\">Vacanze, lavoro, studio, festa, luna di miele &#8230;\u00a0Qualunque sia la ragione del tuo viaggio a Rio, questo \u00e8 il posto ideale per te che stai pensando di affittare un appartamento a Rio de Janeiro. Abbiamo appartamenti in tutto Copacabana, sia vicino a Leme o Ipanema. Dai un&#8217;occhiata ai nostri appartamenti cliccando sui seguenti link:<\/p>\n<p style=\"text-align: justify;\"><strong><a href=\"http:\/\/copaapartments.com\/it\/1-bedroom\/\">&gt;&gt; 1 camera da letto<\/a><\/strong><\/p>\n<p style=\"text-align: justify;\"><strong><a href=\"http:\/\/copaapartments.com\/it\/2-bedrooms\/\">&gt;&gt; 2 camere da letto<\/a><\/strong><\/p>\n<p style=\"text-align: justify;\"><strong><a href=\"http:\/\/copaapartments.com\/it\/3-bedrooms\/\">&gt;&gt; 3 camere da letto<\/a><\/strong><\/p>\n<p style=\"text-align: justify;\">Come puoi gi\u00e0 avere un&#8217;idea nelle foto, lavoriamo con una grande variet\u00e0 di appartamenti, dagli appartamenti pi\u00f9 semplici a quelli pi\u00f9 lussuosi di Rio de Janeiro. Aria condizionata, TV via cavo, Wi-Fi, letti king size, vista sull&#8217;oceano e cucina completa sono alcune delle caratteristiche che troverete nei nostri appartamenti a Rio. Anche se diversi in qualche modo, tutti gli appartamenti sono molto puliti, vicino alla spiaggia e sicurezza 24 ore al giorno. Non lavoriamo in alcun modo con appartamenti sporchi o cattivi e garantiamo che gli appartamenti pubblicizzati sul nostro sito sono gli stessi delle foto e esattamente come descritto.<\/p>\n<p style=\"text-align: justify;\">Se sei interessato ad affittare un appartamento con noi, inviaci una email a <a href=\"mailto:manager@copaapartments.com\">manager@copaapartments.com<\/a> indicando il numero di persone, le date di arrivo e di partenza e ogni altra informazione che consideri rilevante. Ritorneremo con le opzioni disponibili, i prezzi, la posizione e le informazioni sulla prenotazione.<\/p>\n<p><iframe loading=\"lazy\" src=\"https:\/\/www.google.com\/maps\/d\/embed?mid=1XQQO2x4QS5Zisx1nvdWg2LwAfBE\" width=\"640\" height=\"480\"><\/iframe><\/p>\n<p style=\"text-align: justify;\"><strong>Cosa aspettarsi quando si affitta con Copa Apartments:<\/strong><\/p>\n<p style=\"text-align: justify;\">1) Prenota in anticipo il tuo appartamento a Rio.<\/p>\n<p style=\"text-align: justify;\">2) Inviaci i tuoi dati di volo in modo che possiamo pianificare la tua ricerca in aeroporto (servizio opzionale).<\/p>\n<p style=\"text-align: justify;\">3) Quando arriva il grande giorno, rilassati e goditi il \u200b\u200bviaggio. Appena arrivi all&#8217;aeroporto, uno dei nostri autisti ti aspetter\u00e0 con un cartello contenente il tuo nome. Ti porter\u00e0 nel suo appartamento a Rio.<\/p>\n<p style=\"text-align: justify;\">4) Uno dei nostri rappresentanti ti aspetter\u00e0 nel tuo appartamento a Rio. Ti fornir\u00e0 le chiavi dell&#8217;appartamento e ti dar\u00e0 anche l&#8217;assistenza necessaria per l&#8217;appartamento e i suoi dintorni (a Copacabana o Ipanema).<\/p>\n<p style=\"text-align: justify;\">5) Godetevi il vostro soggiorno e sentitevi liberi di chiamarci ogni volta che avete bisogno di un servizio di pulizia, guida turistica o qualsiasi altra assistenza.<\/p>\n<p style=\"text-align: justify;\">6) Quando arriva il triste giorno di dover tornare a casa, la nostra guida ti riporter\u00e0 in aeroporto. Ma non preoccuparti, saremo qui ogni volta che vorrai e desidererai tornare a Rio de Janeiro \ud83d\ude42<\/p>\n<p style=\"text-align: justify;\"><strong>I vantaggi di affittare un appartamento con Copa Apartments invece di pagare una fortuna in un hotel:<\/strong><\/p>\n<ul style=\"text-align: justify;\">\n<li>Privacy &#8211; Soggiornare in un edificio residenziale e sentirsi a casa.<\/li>\n<li>Economia &#8211; Gli appartamenti sono pi\u00f9 economici degli hotel.<\/li>\n<li>Comfort: per un prezzo migliore, alloggerai in un appartamento confortevole e spazioso con cucina e soggiorno, invece di una costosa camera d&#8217;albergo.<\/li>\n<li>Comfort: noi di Copa Apartments ti daremo tutta l&#8217;assistenza necessaria a Rio. Siamo esperti nella citt\u00e0 di Rio de Janeiro.<\/li>\n<\/ul>\n<p style=\"text-align: justify;\">Per questi e altri, molti turisti e uomini d&#8217;affari preferiscono appartamenti agli hotel.<\/p>\n<p><\/p>","protected":false},"excerpt":{"rendered":"<p>Vacanze, lavoro, studio, festa, luna di miele &#8230;\u00a0Qualunque sia la ragione del tuo viaggio a Rio, questo \u00e8 il posto ideale per te che stai pensando di affittare un appartamento a Rio de Janeiro. Abbiamo appartamenti in tutto Copacabana, sia vicino a Leme o Ipanema. Dai un&#8217;occhiata ai nostri appartamenti cliccando sui seguenti link: &gt;&gt; &hellip; <a href=\"https:\/\/copaapartments.com\/it\/apartments\/\" class=\"more-link\">Continue reading<span class=\"screen-reader-text\"> &#8220;Appartamenti&#8221;<\/span><\/a><\/p>\n","protected":false},"author":1,"featured_media":0,"parent":0,"menu_order":0,"comment_status":"closed","ping_status":"closed","template":"","meta":{"footnotes":""},"class_list":["post-16","page","type-page","status-publish","hentry"],"_links":{"self":[{"href":"https:\/\/copaapartments.com\/it\/wp-json\/wp\/v2\/pages\/16","targetHints":{"allow":["GET"]}}],"collection":[{"href":"https:\/\/copaapartments.com\/it\/wp-json\/wp\/v2\/pages"}],"about":[{"href":"https:\/\/copaapartments.com\/it\/wp-json\/wp\/v2\/types\/page"}],"author":[{"embeddable":true,"href":"https:\/\/copaapartments.com\/it\/wp-json\/wp\/v2\/users\/1"}],"replies":[{"embeddable":true,"href":"https:\/\/copaapartments.com\/it\/wp-json\/wp\/v2\/comments?post=16"}],"version-history":[{"count":14,"href":"https:\/\/copaapartments.com\/it\/wp-json\/wp\/v2\/pages\/16\/revisions"}],"predecessor-version":[{"id":11707,"href":"https:\/\/copaapartments.com\/it\/wp-json\/wp\/v2\/pages\/16\/revisions\/11707"}],"wp:attachment":[{"href":"https:\/\/copaapartments.com\/it\/wp-json\/wp\/v2\/media?parent=16"}],"curies":[{"name":"wp","href":"https:\/\/api.w.org\/{rel}","templated":true}]}}