{"id":727,"date":"2018-06-21T03:11:00","date_gmt":"2018-06-21T03:11:00","guid":{"rendered":"https:\/\/copaapartments.com\/?page_id=727"},"modified":"2018-06-21T14:24:17","modified_gmt":"2018-06-21T14:24:17","slug":"where-to-stay-and-what-to-do-in-copacabana","status":"publish","type":"page","link":"https:\/\/copaapartments.com\/es\/where-to-stay-and-what-to-do-in-copacabana\/","title":{"rendered":"D\u00f3nde quedarse y qu\u00e9 hacer en Copacabana"},"content":{"rendered":"<p><\/p>\n<p class=\"western\" lang=\"en-US\">Copacabana e Ipanema son considerados los mejores lugares para alojarse en R\u00edo de Janeiro. Ambas son excelentes opciones, pero creemos que Copacabana es mejor por dos razones principales. En primer lugar, es considerablemente m\u00e1s barato que el Ipanema y segundo, es un barrio que nunca duerme, en la mayor\u00eda de las \u00e1reas de Copacabana usted puede caminar a cualquier hora de la noche y habr\u00e1 personas caminando y tiendas abiertas.<\/p>\n<p class=\"western\" lang=\"en-US\">La playa de Copacabana se divide en 5 \u201cpuestos\u201d, que son marcas de 1 kil\u00f3metro (aproximadamente) en la playa. Si usted est\u00e1 alojado cerca de la playa, quedarse en cualquiera de los \u201cpuestos\u201d es igualmente agradable y seguro. Todos nuestros apartamentos est\u00e1n a 3 cuadras de la playa, que est\u00e1 a unos 5 minutos a pie de la playa. En todos los puestos usted tendr\u00e1 f\u00e1cil acceso a todo tipo de transporte y tambi\u00e9n estar\u00e1 rodeado por todo tipo de comercio, tales como restaurantes, farmacias, supermercados, bares, bancos, etc.<\/p>\n<p class=\"western\" lang=\"en-US\">El puesto 1 es en la misma playa, pero es conocido como un barrio separado llamado \u201cLeme\u201d. Leme es m\u00e1s un \u00e1rea un poco m\u00e1s residencial y tranquila.<\/p>\n<p class=\"western\" lang=\"en-US\">Puesto 2 es donde comienza Copacabana. Los puestos 2 y 3 tienen una atm\u00f3sfera acogedora muy similar y es nuestra regi\u00f3n favorita. Es donde queda el famoso hotel Copacabana Palace. Hay muchos buenos restaurantes alrededor, como la barbacoa Carret\u00f3n, el restaurante liban\u00e9s Amir y el restaurante self service Siqueira Grill. Tambi\u00e9n muchos bares agradables, como el Imortais, el Mud Bug y el Pav\u00e3o Azul. No se olvide de tomar un s\u00e1ndwich de filete con pi\u00f1a en el \u201cCervantes\u201d La estaci\u00f3n de metro para esta zona puede ser ambas estaciones \u201cCardenales Arcoverde\u201d o \u201cSiqueira Campos\u201d.<\/p>\n<p class=\"western\" lang=\"en-US\">El Puesto 4 es un \u00e1rea comercial de Copacabana, con muchas tiendas de ropa y electrodom\u00e9sticos en la avenida principal, Av. Nuestra Se\u00f1ora de Copacabana, con aceras muy concurridas durante el d\u00eda. Es un excelente lugar para hacer compras. La estaci\u00f3n del metro para esa \u00e1rea es la estaci\u00f3n \u00abSiqueira Campos\u00bb.<\/p>\n<p class=\"western\" lang=\"en-US\">Los puestos 5 y 6 tienen un ambiente acogedor similar al de los puestos 2 y 3, con muchos buenos restaurantes, como el italiano \u00abDon Camillo\u00bb, el \u00abfast food\u00bb 24h Stalos, adem\u00e1s de muchos bares agradables alrededor de la calle \u00abAires Saldanha\u00bb. Esta zona tiene la ventaja de estar muy cerca de Ipanema, pudiendo ir caminando entre los barrios. La estaci\u00f3n de metro para esta zona es la estaci\u00f3n \u00abCantagalo\u00bb.<\/p>\n<p class=\"western\" lang=\"en-US\">Aqu\u00ed est\u00e1 un mapa que preparamos con algunos puntos de inter\u00e9s:<\/p>\n<p lang=\"en-US\"><iframe loading=\"lazy\" src=\"https:\/\/www.google.com\/maps\/d\/embed?mid=1j-UK8EGT4aPvbNgONmyMYoWj7jt1obdO\" width=\"640\" height=\"480\"><\/iframe><\/p>\n<p><\/p>","protected":false},"excerpt":{"rendered":"<p>Copacabana e Ipanema son considerados los mejores lugares para alojarse en R\u00edo de Janeiro. Ambas son excelentes opciones, pero creemos que Copacabana es mejor por dos razones principales. En primer lugar, es considerablemente m\u00e1s barato que el Ipanema y segundo, es un barrio que nunca duerme, en la mayor\u00eda de las \u00e1reas de Copacabana usted &hellip; <a href=\"https:\/\/copaapartments.com\/es\/where-to-stay-and-what-to-do-in-copacabana\/\" class=\"more-link\">Continue reading<span class=\"screen-reader-text\"> \u00abD\u00f3nde quedarse y qu\u00e9 hacer en Copacabana\u00bb<\/span><\/a><\/p>\n","protected":false},"author":1,"featured_media":0,"parent":0,"menu_order":0,"comment_status":"closed","ping_status":"closed","template":"","meta":{"footnotes":""},"class_list":["post-727","page","type-page","status-publish","hentry"],"_links":{"self":[{"href":"https:\/\/copaapartments.com\/es\/wp-json\/wp\/v2\/pages\/727","targetHints":{"allow":["GET"]}}],"collection":[{"href":"https:\/\/copaapartments.com\/es\/wp-json\/wp\/v2\/pages"}],"about":[{"href":"https:\/\/copaapartments.com\/es\/wp-json\/wp\/v2\/types\/page"}],"author":[{"embeddable":true,"href":"https:\/\/copaapartments.com\/es\/wp-json\/wp\/v2\/users\/1"}],"replies":[{"embeddable":true,"href":"https:\/\/copaapartments.com\/es\/wp-json\/wp\/v2\/comments?post=727"}],"version-history":[{"count":13,"href":"https:\/\/copaapartments.com\/es\/wp-json\/wp\/v2\/pages\/727\/revisions"}],"predecessor-version":[{"id":749,"href":"https:\/\/copaapartments.com\/es\/wp-json\/wp\/v2\/pages\/727\/revisions\/749"}],"wp:attachment":[{"href":"https:\/\/copaapartments.com\/es\/wp-json\/wp\/v2\/media?parent=727"}],"curies":[{"name":"wp","href":"https:\/\/api.w.org\/{rel}","templated":true}]}}