{"id":488,"date":"2018-02-21T03:17:00","date_gmt":"2018-02-21T03:17:00","guid":{"rendered":"http:\/\/copaapartments.com\/?page_id=488"},"modified":"2018-02-21T03:17:00","modified_gmt":"2018-02-21T03:17:00","slug":"rio-de-janeiro","status":"publish","type":"page","link":"https:\/\/copaapartments.com\/es\/rio-de-janeiro\/","title":{"rendered":"Rio de Janeiro"},"content":{"rendered":"<p><\/p>\n<p style=\"text-align: justify;\">El Rio de Janeiro es la segunda mayor ciudad del Brasil, atr\u00e1s de S\u00e3o Paulo. La ciudad es la capital del estado del Rio de Janeiro. Ella fue la capital del Brasil por casi dos siglos \u2014 del 1763 a 1822 aunque era una colonia portuguesa y de 1822 a 1960 ya como una naci\u00f3n independiente. La ciudad fue de fato la capital del Imperio Portugu\u00e9s del 1808 a 1821. Com\u00fanmente conocida simplesmente por Rio, la ciudad tambi\u00e9n es apodada de \u201cLa ciudad Maravillosa\u201d<img loading=\"lazy\" decoding=\"async\" class=\"size-full wp-image-489 alignright\" src=\"http:\/\/copaapartments.com\/wp-content\/uploads\/2018\/02\/rio_de_janeiro.jpg\" alt=\"\" width=\"250\" height=\"188\" \/><\/p>\n<p style=\"text-align: justify;\">El Rio es famoso por su espectacular disposici\u00f3n natural, por su carnaval , por su samba y otros ritmos, pelas playas tur\u00edsticas tales como Copacabana y Ipanema, por grandes aceras decorados con las lindas piedras portuguesas, etc. Algunos de los m\u00e1s famosos locales y puntos tur\u00edsticos all\u00e1 de las playas, incluye la gigante estatua de Jesus en el alto de la monta\u00f1a.<\/p>\n<p style=\"text-align: justify;\">Corcovado, conocida como Cristo Redentor, fue recientemente nombrada una de las siete maravillas del mundo; la monta\u00f1a del Pan de Az\u00facar con su bondinho; el Sambodromo, que es una gigante pasarela usada durante el carnaval; el estadio del Maracana, uno de los mayores estadios de futbol del mundo. El Rio tambi\u00e9n hospeda las d\u00faas mayores florestas urbanas del mundo. La primera es la floresta en el Parque Estadual de la Piedra Blanca. La segunda, casi conectada a la primera, es la famosa Floresta da Tijuca.<\/p>\n<p><\/p>","protected":false},"excerpt":{"rendered":"<p>El Rio de Janeiro es la segunda mayor ciudad del Brasil, atr\u00e1s de S\u00e3o Paulo. La ciudad es la capital del estado del Rio de Janeiro. Ella fue la capital del Brasil por casi dos siglos \u2014 del 1763 a 1822 aunque era una colonia portuguesa y de 1822 a 1960 ya como una naci\u00f3n &hellip; <a href=\"https:\/\/copaapartments.com\/es\/rio-de-janeiro\/\" class=\"more-link\">Continue reading<span class=\"screen-reader-text\"> \u00abRio de Janeiro\u00bb<\/span><\/a><\/p>\n","protected":false},"author":1,"featured_media":0,"parent":0,"menu_order":0,"comment_status":"closed","ping_status":"closed","template":"","meta":{"footnotes":""},"class_list":["post-488","page","type-page","status-publish","hentry"],"_links":{"self":[{"href":"https:\/\/copaapartments.com\/es\/wp-json\/wp\/v2\/pages\/488","targetHints":{"allow":["GET"]}}],"collection":[{"href":"https:\/\/copaapartments.com\/es\/wp-json\/wp\/v2\/pages"}],"about":[{"href":"https:\/\/copaapartments.com\/es\/wp-json\/wp\/v2\/types\/page"}],"author":[{"embeddable":true,"href":"https:\/\/copaapartments.com\/es\/wp-json\/wp\/v2\/users\/1"}],"replies":[{"embeddable":true,"href":"https:\/\/copaapartments.com\/es\/wp-json\/wp\/v2\/comments?post=488"}],"version-history":[{"count":1,"href":"https:\/\/copaapartments.com\/es\/wp-json\/wp\/v2\/pages\/488\/revisions"}],"predecessor-version":[{"id":490,"href":"https:\/\/copaapartments.com\/es\/wp-json\/wp\/v2\/pages\/488\/revisions\/490"}],"wp:attachment":[{"href":"https:\/\/copaapartments.com\/es\/wp-json\/wp\/v2\/media?parent=488"}],"curies":[{"name":"wp","href":"https:\/\/api.w.org\/{rel}","templated":true}]}}