{"id":20,"date":"2018-02-17T13:47:56","date_gmt":"2018-02-17T13:47:56","guid":{"rendered":"http:\/\/copaapartments.com\/?page_id=20"},"modified":"2018-02-18T16:17:45","modified_gmt":"2018-02-18T16:17:45","slug":"payment","status":"publish","type":"page","link":"https:\/\/copaapartments.com\/es\/payment\/","title":{"rendered":"Pago"},"content":{"rendered":"<p><\/p>\n<p style=\"text-align: justify;\">La reserva se realiza mediante un pago del 50% del valor total y el resto se paga en efectivo en el check-in. Para quien est\u00e9 dentro de Brasil, el pago del primer 50% puede ser hecho v\u00eda dep\u00f3sito bancario sin ninguna tasa. Para pagos internacionales, tenemos las siguientes alternativas:<\/p>\n<p style=\"text-align: justify;\"><strong>Tarjeta de cr\u00e9dito:<\/strong><\/p>\n<p style=\"text-align: justify;\">Usted puede pagar con cartera de cr\u00e9dito a trav\u00e9s de PayPal (tasa del 5%). Se enviar\u00e1 a su e-mail una factura con las instrucciones del pago tan pronto como se solicite la reserva.<\/p>\n<p style=\"text-align: justify;\"><strong>Western Union (tasa variable):<\/strong><\/p>\n<p style=\"text-align: justify;\">*Para obtener m\u00e1s informaci\u00f3n, p\u00f3ngase en contacto con nosotros<\/p>\n<p style=\"text-align: justify;\"><strong>Transferencia bancaria interna (tasa de aproximadamente R $ 100 BRL + 5% del tipo de cambio):<\/strong><\/p>\n<p style=\"text-align: justify;\">*Para obtener m\u00e1s informaci\u00f3n, p\u00f3ngase en contacto con nosotros<\/p>\n<p style=\"text-align: justify;\"><strong>IMPORTANTE:<\/strong><\/p>\n<p style=\"text-align: justify;\">Una vez que se realiza una reserva, inmediatamente hacemos el pago al propietario del apartamento reservado y pasamos a negar todas las solicitudes recibidas al mismo apartamento durante las fechas reservadas. Por lo tanto, aseg\u00farese de su viaje antes de efectuar un dep\u00f3sito. No devolvemos el dep\u00f3sito por cancelaci\u00f3n de viaje. Aseg\u00farese de que el apartamento elegido, ya que cada apartamento tiene un propietario diferente, no podemos cambiar el apartamento reservado.<\/p>\n<p><\/p>","protected":false},"excerpt":{"rendered":"<p>La reserva se realiza mediante un pago del 50% del valor total y el resto se paga en efectivo en el check-in. Para quien est\u00e9 dentro de Brasil, el pago del primer 50% puede ser hecho v\u00eda dep\u00f3sito bancario sin ninguna tasa. Para pagos internacionales, tenemos las siguientes alternativas: Tarjeta de cr\u00e9dito: Usted puede pagar &hellip; <a href=\"https:\/\/copaapartments.com\/es\/payment\/\" class=\"more-link\">Continue reading<span class=\"screen-reader-text\"> \u00abPago\u00bb<\/span><\/a><\/p>\n","protected":false},"author":1,"featured_media":0,"parent":0,"menu_order":0,"comment_status":"closed","ping_status":"closed","template":"","meta":{"footnotes":""},"class_list":["post-20","page","type-page","status-publish","hentry"],"_links":{"self":[{"href":"https:\/\/copaapartments.com\/es\/wp-json\/wp\/v2\/pages\/20","targetHints":{"allow":["GET"]}}],"collection":[{"href":"https:\/\/copaapartments.com\/es\/wp-json\/wp\/v2\/pages"}],"about":[{"href":"https:\/\/copaapartments.com\/es\/wp-json\/wp\/v2\/types\/page"}],"author":[{"embeddable":true,"href":"https:\/\/copaapartments.com\/es\/wp-json\/wp\/v2\/users\/1"}],"replies":[{"embeddable":true,"href":"https:\/\/copaapartments.com\/es\/wp-json\/wp\/v2\/comments?post=20"}],"version-history":[{"count":3,"href":"https:\/\/copaapartments.com\/es\/wp-json\/wp\/v2\/pages\/20\/revisions"}],"predecessor-version":[{"id":287,"href":"https:\/\/copaapartments.com\/es\/wp-json\/wp\/v2\/pages\/20\/revisions\/287"}],"wp:attachment":[{"href":"https:\/\/copaapartments.com\/es\/wp-json\/wp\/v2\/media?parent=20"}],"curies":[{"name":"wp","href":"https:\/\/api.w.org\/{rel}","templated":true}]}}