{"id":18,"date":"2018-02-17T13:47:04","date_gmt":"2018-02-17T13:47:04","guid":{"rendered":"http:\/\/copaapartments.com\/?page_id=18"},"modified":"2026-02-06T16:50:07","modified_gmt":"2026-02-06T16:50:07","slug":"services_","status":"publish","type":"page","link":"https:\/\/copaapartments.com\/es\/services_\/","title":{"rendered":"Servicios"},"content":{"rendered":"<\/p>\r\n<p>&nbsp;<\/p>\r\n<p style=\"text-align: justify;\">Adem\u00e1s del alquiler de apartamentos en R\u00edo de Janeiro, tambi\u00e9n ofrecemos diversos servicios para hacer que su estancia en R\u00edo sea la mejor posible.<\/p>\r\n<p style=\"text-align: justify;\">Estos son algunos de los servicios disponibles:<\/p>\r\n<p style=\"text-align: justify;\"><strong>1 &#8211; Traslado del aeropuerto:<\/strong> Uno de nuestros conductores profesionales puede buscar en el aeropuerto y llevarlo hasta el apartamento que usted alquil\u00f3 con nosotros. Cuando est\u00e9s de R\u00edo, la gu\u00eda te llevar\u00e1 de vuelta al aeropuerto.<\/p>\r\n<p style=\"text-align: justify;\">* R $ 150 (cada camino \/ m\u00e1x. 4 personas \/ aeropuerto gale\u00e3o)<\/p>\r\n<p><img loading=\"lazy\" decoding=\"async\" class=\"size-medium wp-image-278 aligncenter\" src=\"http:\/\/copaapartments.com\/wp-content\/uploads\/2018\/02\/marcelo_tour_guide-300x226.jpg\" alt=\"\" width=\"300\" height=\"226\" srcset=\"https:\/\/copaapartments.com\/wp-content\/uploads\/2018\/02\/marcelo_tour_guide-300x226.jpg 300w, https:\/\/copaapartments.com\/wp-content\/uploads\/2018\/02\/marcelo_tour_guide.jpg 377w\" sizes=\"auto, (max-width: 300px) 100vw, 300px\" \/><\/p>\r\n<p style=\"text-align: justify;\"><strong>2 &#8211; Paseos tur\u00edsticos:<\/strong> Podemos organizar sus paseos hacia el Corcovado (donde est\u00e1 la estatua de Cristo), Pan de Az\u00facar, Bosque de la Tjuca, Centro hist\u00f3rico y otros puntos tur\u00edsticos, as\u00ed como paseos personalizados, de acuerdo con sus intereses.<\/p>\r\n<p style=\"text-align: justify;\"><strong>3 &#8211; Servicio de limpieza:<\/strong> Tenemos una camarera disponible para limpiar su apartamento y cambiar la ropa de cama y las toallas siempre que sea necesario.<\/p>\r\n<p style=\"text-align: justify;\">R$ 150 (apartamento de 1 habitaci\u00f3n) \/ R$ 200 (apartamento de 2 habitaciones) \/ R$ 250 (apartamento de 3 habitaciones)<\/p>\r\n<p><img loading=\"lazy\" decoding=\"async\" class=\"size-medium wp-image-279 aligncenter\" src=\"http:\/\/copaapartments.com\/wp-content\/uploads\/2018\/02\/maidservice-225x300.jpg\" alt=\"\" width=\"225\" height=\"300\" srcset=\"https:\/\/copaapartments.com\/wp-content\/uploads\/2018\/02\/maidservice-225x300.jpg 225w, https:\/\/copaapartments.com\/wp-content\/uploads\/2018\/02\/maidservice.jpg 230w\" sizes=\"auto, (max-width: 225px) 100vw, 225px\" \/><\/p>\r\n<p style=\"text-align: justify;\"><strong>4 &#8211; Ventas:<\/strong> Si usted quiere explorar la posibilidad de comprar una propiedad en R\u00edo de Janeiro, tambi\u00e9n podemos ayudarle en esta \u00e1rea.<\/p>\r\n<p><strong>5 &#8211; Administraci\u00f3n de inmuebles::<\/strong> Si usted ya es propietario de un apartamento en R\u00edo de Janeiro (Copacabana) y tiene inter\u00e9s en alquilarlo por temporada, entre en contacto con nosotros para conversar sobre una posible asociaci\u00f3n.<\/p>\r\n<p><strong>6 &#8211; Reformas:<\/strong>\u00a0\u00bfSu apartamento \/ tienda en R\u00edo necesita una reforma? Tambi\u00e9n podemos ayudarte en esta \u00e1rea.<\/p>\r\n\r\n<p>&nbsp;<\/p>\r\n\r\n<p><\/p><p>&nbsp;<\/p>\r\n<p style=\"text-align: justify;\">Adem\u00e1s del alquiler de apartamentos en R\u00edo de Janeiro, tambi\u00e9n ofrecemos diversos servicios para hacer que su estancia en R\u00edo sea la mejor posible.<\/p>\r\n<p style=\"text-align: justify;\">Estos son algunos de los servicios disponibles:<\/p>\r\n<p style=\"text-align: justify;\"><strong>1 &#8211; Traslado del aeropuerto:<\/strong> Uno de nuestros conductores profesionales puede buscar en el aeropuerto y llevarlo hasta el apartamento que usted alquil\u00f3 con nosotros. Cuando est\u00e9s de R\u00edo, la gu\u00eda te llevar\u00e1 de vuelta al aeropuerto.<\/p>\r\n<p style=\"text-align: justify;\">* R $ 200 (cada camino \/ m\u00e1x. 4 personas \/ aeropuerto gale\u00e3o)<\/p>\r\n<p><img loading=\"lazy\" decoding=\"async\" class=\"size-medium wp-image-278 aligncenter\" src=\"http:\/\/copaapartments.com\/wp-content\/uploads\/2018\/02\/marcelo_tour_guide-300x226.jpg\" alt=\"\" width=\"300\" height=\"226\" srcset=\"https:\/\/copaapartments.com\/wp-content\/uploads\/2018\/02\/marcelo_tour_guide-300x226.jpg 300w, https:\/\/copaapartments.com\/wp-content\/uploads\/2018\/02\/marcelo_tour_guide.jpg 377w\" sizes=\"auto, (max-width: 300px) 100vw, 300px\" \/><\/p>\r\n<p style=\"text-align: justify;\"><strong>2 &#8211; Paseos tur\u00edsticos:<\/strong> Podemos organizar sus paseos hacia el Corcovado (donde est\u00e1 la estatua de Cristo), Pan de Az\u00facar, Bosque de la Tjuca, Centro hist\u00f3rico y otros puntos tur\u00edsticos, as\u00ed como paseos personalizados, de acuerdo con sus intereses.<\/p>\r\n<p style=\"text-align: justify;\"><strong>3 &#8211; Servicio de limpieza:<\/strong> Tenemos una camarera disponible para limpiar su apartamento y cambiar la ropa de cama y las toallas siempre que sea necesario.<\/p>\r\n<p style=\"text-align: justify;\">R$ 200 (apartamento de 1 habitaci\u00f3n) \/ R$ 250 (apartamento de 2 habitaciones)<\/p>\r\n<p><img loading=\"lazy\" decoding=\"async\" class=\"size-medium wp-image-279 aligncenter\" src=\"http:\/\/copaapartments.com\/wp-content\/uploads\/2018\/02\/maidservice-225x300.jpg\" alt=\"\" width=\"225\" height=\"300\" srcset=\"https:\/\/copaapartments.com\/wp-content\/uploads\/2018\/02\/maidservice-225x300.jpg 225w, https:\/\/copaapartments.com\/wp-content\/uploads\/2018\/02\/maidservice.jpg 230w\" sizes=\"auto, (max-width: 225px) 100vw, 225px\" \/><\/p>\r\n<p style=\"text-align: justify;\"><strong>4 &#8211; Ventas:<\/strong> Si usted quiere explorar la posibilidad de comprar una propiedad en R\u00edo de Janeiro, tambi\u00e9n podemos ayudarle en esta \u00e1rea.<\/p>\r\n<p><strong>5 &#8211; Administraci\u00f3n de inmuebles::<\/strong> Si usted ya es propietario de un apartamento en R\u00edo de Janeiro (Copacabana) y tiene inter\u00e9s en alquilarlo por temporada, entre en contacto con nosotros para conversar sobre una posible asociaci\u00f3n.<\/p>\r\n<p><strong>6 &#8211; Reformas:<\/strong>\u00a0\u00bfSu apartamento \/ tienda en R\u00edo necesita una reforma? Tambi\u00e9n podemos ayudarte en esta \u00e1rea.<\/p>\r\n\r\n<p>&nbsp;<\/p>","protected":false},"excerpt":{"rendered":"<p>&nbsp; Adem\u00e1s del alquiler de apartamentos en R\u00edo de Janeiro, tambi\u00e9n ofrecemos diversos servicios para hacer que su estancia en R\u00edo sea la mejor posible. Estos son algunos de los servicios disponibles: 1 &#8211; Traslado del aeropuerto: Uno de nuestros conductores profesionales puede buscar en el aeropuerto y llevarlo hasta el apartamento que usted alquil\u00f3 &hellip; <a href=\"https:\/\/copaapartments.com\/es\/services_\/\" class=\"more-link\">Continue reading<span class=\"screen-reader-text\"> \u00abServicios\u00bb<\/span><\/a><\/p>\n","protected":false},"author":1,"featured_media":0,"parent":0,"menu_order":0,"comment_status":"closed","ping_status":"closed","template":"","meta":{"footnotes":""},"class_list":["post-18","page","type-page","status-publish","hentry"],"_links":{"self":[{"href":"https:\/\/copaapartments.com\/es\/wp-json\/wp\/v2\/pages\/18","targetHints":{"allow":["GET"]}}],"collection":[{"href":"https:\/\/copaapartments.com\/es\/wp-json\/wp\/v2\/pages"}],"about":[{"href":"https:\/\/copaapartments.com\/es\/wp-json\/wp\/v2\/types\/page"}],"author":[{"embeddable":true,"href":"https:\/\/copaapartments.com\/es\/wp-json\/wp\/v2\/users\/1"}],"replies":[{"embeddable":true,"href":"https:\/\/copaapartments.com\/es\/wp-json\/wp\/v2\/comments?post=18"}],"version-history":[{"count":46,"href":"https:\/\/copaapartments.com\/es\/wp-json\/wp\/v2\/pages\/18\/revisions"}],"predecessor-version":[{"id":11709,"href":"https:\/\/copaapartments.com\/es\/wp-json\/wp\/v2\/pages\/18\/revisions\/11709"}],"wp:attachment":[{"href":"https:\/\/copaapartments.com\/es\/wp-json\/wp\/v2\/media?parent=18"}],"curies":[{"name":"wp","href":"https:\/\/api.w.org\/{rel}","templated":true}]}}