{"id":16,"date":"2018-02-17T13:46:03","date_gmt":"2018-02-17T13:46:03","guid":{"rendered":"http:\/\/copaapartments.com\/?page_id=16"},"modified":"2026-02-06T14:44:15","modified_gmt":"2026-02-06T14:44:15","slug":"apartments","status":"publish","type":"page","link":"https:\/\/copaapartments.com\/es\/apartments\/","title":{"rendered":"Apartamentos"},"content":{"rendered":"<p><\/p>\n<p style=\"text-align: justify;\">Vacaciones, trabajo, estudio, fiesta, luna de miel &#8230; Sea cual sea el motivo de su viaje a R\u00edo, este es el lugar ideal para usted que est\u00e1 pensando en alquilar un apartamento por temporada en R\u00edo de Janeiro. Tenemos apartamentos en toda la extensi\u00f3n de Copacabana, sea cerca del Leme o de Ipanema. Echa un vistazo a nuestros apartamentos haciendo clic en los siguientes enlaces:<\/p>\n<p style=\"text-align: justify;\"><strong><a href=\"http:\/\/copaapartments.com\/es\/1-bedroom\/\">&gt;&gt; 1 habitaci\u00f3n<\/a><\/strong><\/p>\n<p style=\"text-align: justify;\"><strong><a href=\"http:\/\/copaapartments.com\/es\/2-bedrooms\/\">&gt;&gt; 2 habitaciones<\/a><\/strong><\/p>\n<p style=\"text-align: justify;\"><strong><a href=\"http:\/\/copaapartments.com\/es\/3-bedrooms\/\">&gt;&gt; 3 habitaciones<\/a><\/strong><\/p>\n<p style=\"text-align: justify;\">Como ya se puede tener una idea en las fotos, trabajamos con una gran variedad de apartamentos, de los m\u00e1s simples a los m\u00e1s lujosos apartamentos en R\u00edo de Janeiro. Aire acondicionado, TV por cable, Wi-Fi, camas tama\u00f1o king, vistas al mar y cocina completa son algunas de las caracter\u00edsticas que usted podr\u00e1 encontrar en nuestros apartamentos en R\u00edo. A pesar de diferentes en algunos aspectos, todos los apartamentos est\u00e1n muy limpios, cerca de la playa y tienen seguridad las 24 horas del d\u00eda. No trabajamos de ninguna manera con apartamentos malos o sucios y garantizamos que los apartamentos anunciados en nuestro sitio son los mismos de las fotos y exactamente como se describe.<\/p>\n<p style=\"text-align: justify;\">Si est\u00e1 interesado en alquilar un apartamento con nosotros, env\u00edenos un correo electr\u00f3nico a <a href=\"mailto:manager@copaapartments.com\">manager@copaapartments.com<\/a> indicando el n\u00famero de personas, las fechas de llegada y salida y cualquier otra informaci\u00f3n que considere relevante. Nosotros regresaremos con las opciones disponibles, precios, ubicaci\u00f3n e informaci\u00f3n sobre reserva.<\/p>\n<p><iframe loading=\"lazy\" src=\"https:\/\/www.google.com\/maps\/d\/embed?mid=1XQQO2x4QS5Zisx1nvdWg2LwAfBE\" width=\"640\" height=\"480\"><\/iframe><\/p>\n<p style=\"text-align: justify;\"><strong>\u00bfQu\u00e9 esperar al alquilar con Copa Apartments:<\/strong><\/p>\n<p style=\"text-align: justify;\">1) Reserve su apartamento en Rio con antelaci\u00f3n.<\/p>\n<p style=\"text-align: justify;\">2) Env\u00edenos su informaci\u00f3n de vuelo para que podamos programar su b\u00fasqueda en el aeropuerto (servicio opuesto).<\/p>\n<p style=\"text-align: justify;\">3) Cuando el gran d\u00eda llegue, rel\u00e1jese y disfrute de su viaje. Una vez que llegue al aeropuerto, uno de nuestros conductores te espera con una placa que contiene su nombre. \u00c9l te llevar\u00e1 a tu apartamento en R\u00edo.<\/p>\n<p style=\"text-align: justify;\">4) Uno de nuestros representantes estar\u00e1 esperando en su apartamento en R\u00edo. \u00c9l \/ Ella le entregar\u00e1 las llaves del apartamento y tambi\u00e9n le dar\u00e1 cualquier asistencia necesaria en lo que se refiere al apartamento ya sus alrededores (sea en Copacabana o Ipanema).<\/p>\n<p style=\"text-align: justify;\">5) Disfrute de su estancia y si\u00e9ntase c\u00f3modo para comunicarnos siempre que necesite servicio de mucama, gu\u00eda de turismo o cualquier otra asistencia.<\/p>\n<p style=\"text-align: justify;\">6) Cuando el triste d\u00eda de tener que volver a casa llegue, nuestro gu\u00eda te llevar\u00e1 de vuelta al aeropuerto. Pero no de preocuparse, estaremos aqu\u00ed siempre que usted necesita y desea volver a R\u00edo de Janeiro \ud83d\ude42<\/p>\n<p style=\"text-align: justify;\"><strong>Beneficios de alquilar un apartamento con Copa Apartments en lugar de pagar una fortuna a un hotel:<\/strong><\/p>\n<ul style=\"text-align: justify;\">\n<li>Privacidad &#8211; Se aloja en un edificio residencial y se sienta en casa.<\/li>\n<li>Econom\u00eda &#8211; Los apartamentos son m\u00e1s baratos que los hoteles.<\/li>\n<li>Confort &#8211; Por un precio mejor, usted se quedar\u00e1 en un apartamento c\u00f3modo y espacioso, con cocina y sala de estar, en lugar de un caro quartinho de hotel.<\/li>\n<li>Comodidad -Nos de la Copa Apartments te daremos toda la asistencia necesaria en R\u00edo. Somos expertos en la ciudad de R\u00edo de Janeiro.<\/li>\n<\/ul>\n<p style=\"text-align: justify;\">Por estas y otras, muchos turistas y hombres de negocios prefieren apartamentos a hoteles.<\/p>\n<p><\/p>","protected":false},"excerpt":{"rendered":"<p>Vacaciones, trabajo, estudio, fiesta, luna de miel &#8230; Sea cual sea el motivo de su viaje a R\u00edo, este es el lugar ideal para usted que est\u00e1 pensando en alquilar un apartamento por temporada en R\u00edo de Janeiro. Tenemos apartamentos en toda la extensi\u00f3n de Copacabana, sea cerca del Leme o de Ipanema. Echa un &hellip; <a href=\"https:\/\/copaapartments.com\/es\/apartments\/\" class=\"more-link\">Continue reading<span class=\"screen-reader-text\"> \u00abApartamentos\u00bb<\/span><\/a><\/p>\n","protected":false},"author":1,"featured_media":0,"parent":0,"menu_order":0,"comment_status":"closed","ping_status":"closed","template":"","meta":{"footnotes":""},"class_list":["post-16","page","type-page","status-publish","hentry"],"_links":{"self":[{"href":"https:\/\/copaapartments.com\/es\/wp-json\/wp\/v2\/pages\/16","targetHints":{"allow":["GET"]}}],"collection":[{"href":"https:\/\/copaapartments.com\/es\/wp-json\/wp\/v2\/pages"}],"about":[{"href":"https:\/\/copaapartments.com\/es\/wp-json\/wp\/v2\/types\/page"}],"author":[{"embeddable":true,"href":"https:\/\/copaapartments.com\/es\/wp-json\/wp\/v2\/users\/1"}],"replies":[{"embeddable":true,"href":"https:\/\/copaapartments.com\/es\/wp-json\/wp\/v2\/comments?post=16"}],"version-history":[{"count":14,"href":"https:\/\/copaapartments.com\/es\/wp-json\/wp\/v2\/pages\/16\/revisions"}],"predecessor-version":[{"id":11707,"href":"https:\/\/copaapartments.com\/es\/wp-json\/wp\/v2\/pages\/16\/revisions\/11707"}],"wp:attachment":[{"href":"https:\/\/copaapartments.com\/es\/wp-json\/wp\/v2\/media?parent=16"}],"curies":[{"name":"wp","href":"https:\/\/api.w.org\/{rel}","templated":true}]}}